{"id":2948,"date":"2025-09-30T10:55:37","date_gmt":"2025-09-30T08:55:37","guid":{"rendered":"https:\/\/www.wishingwell.es\/convent2\/chambres-individuelles\/"},"modified":"2025-12-11T14:47:20","modified_gmt":"2025-12-11T13:47:20","slug":"chambres-individuelles","status":"publish","type":"page","link":"https:\/\/www.elconventdemoncada.com\/fr\/chambres-individuelles\/","title":{"rendered":"Chambres individuelles"},"content":{"rendered":"\t\t<div data-elementor-type=\"wp-page\" data-elementor-id=\"2948\" class=\"elementor elementor-2948 elementor-938\">\n\t\t\t\t\t\t<section class=\"elementor-section elementor-top-section elementor-element elementor-element-216e8b0 elementor-section-stretched elementor-section-boxed elementor-section-height-default elementor-section-height-default\" data-id=\"216e8b0\" data-element_type=\"section\" data-e-type=\"section\" data-settings=\"{&quot;stretch_section&quot;:&quot;section-stretched&quot;,&quot;background_background&quot;:&quot;classic&quot;}\">\n\t\t\t\t\t\t<div class=\"elementor-container elementor-column-gap-default\">\n\t\t\t\t\t<div class=\"elementor-column elementor-col-100 elementor-top-column elementor-element elementor-element-4e0f906\" data-id=\"4e0f906\" data-element_type=\"column\" data-e-type=\"column\">\n\t\t\t<div class=\"elementor-widget-wrap elementor-element-populated\">\n\t\t\t\t\t\t<div class=\"elementor-element elementor-element-8f38abd elementor-widget__width-auto elementor-widget elementor-widget-heading\" data-id=\"8f38abd\" data-element_type=\"widget\" data-e-type=\"widget\" data-widget_type=\"heading.default\">\n\t\t\t\t<div class=\"elementor-widget-container\">\n\t\t\t\t\t<h2 class=\"elementor-heading-title elementor-size-default\">Chambres individuelles<\/h2>\t\t\t\t<\/div>\n\t\t\t\t<\/div>\n\t\t\t\t\t<\/div>\n\t\t<\/div>\n\t\t\t\t\t<\/div>\n\t\t<\/section>\n\t\t\t\t<section class=\"elementor-section elementor-top-section elementor-element elementor-element-9d99560 elementor-section-boxed elementor-section-height-default elementor-section-height-default\" data-id=\"9d99560\" data-element_type=\"section\" data-e-type=\"section\">\n\t\t\t\t\t\t<div class=\"elementor-container elementor-column-gap-default\">\n\t\t\t\t\t<div class=\"elementor-column elementor-col-50 elementor-top-column elementor-element elementor-element-15cc97c\" data-id=\"15cc97c\" data-element_type=\"column\" data-e-type=\"column\">\n\t\t\t<div class=\"elementor-widget-wrap elementor-element-populated\">\n\t\t\t\t\t\t<div class=\"elementor-element elementor-element-b696892 elementor-widget elementor-widget-image\" data-id=\"b696892\" data-element_type=\"widget\" data-e-type=\"widget\" data-widget_type=\"image.default\">\n\t\t\t\t<div class=\"elementor-widget-container\">\n\t\t\t\t\t\t\t\t\t\t\t\t\t\t\t\t<a href=\"https:\/\/www.elconventdemoncada.com\/wp-content\/uploads\/2025\/12\/individuales-1.jpg\" data-elementor-open-lightbox=\"yes\" data-elementor-lightbox-title=\"individuales\" data-e-action-hash=\"#elementor-action%3Aaction%3Dlightbox%26settings%3DeyJpZCI6Mjg1OSwidXJsIjoiaHR0cHM6XC9cL3d3dy5lbGNvbnZlbnRkZW1vbmNhZGEuY29tXC93cC1jb250ZW50XC91cGxvYWRzXC8yMDI1XC8xMlwvaW5kaXZpZHVhbGVzLTEuanBnIn0%3D\">\n\t\t\t\t\t\t\t<img fetchpriority=\"high\" decoding=\"async\" width=\"788\" height=\"504\" src=\"https:\/\/www.elconventdemoncada.com\/wp-content\/uploads\/2025\/12\/individuales-1.jpg\" class=\"attachment-large size-large wp-image-2859\" alt=\"\" srcset=\"https:\/\/www.elconventdemoncada.com\/wp-content\/uploads\/2025\/12\/individuales-1.jpg 788w, https:\/\/www.elconventdemoncada.com\/wp-content\/uploads\/2025\/12\/individuales-1-300x192.jpg 300w, https:\/\/www.elconventdemoncada.com\/wp-content\/uploads\/2025\/12\/individuales-1-768x491.jpg 768w, https:\/\/www.elconventdemoncada.com\/wp-content\/uploads\/2025\/12\/individuales-1-600x384.jpg 600w\" sizes=\"(max-width: 788px) 100vw, 788px\" \/>\t\t\t\t\t\t\t\t<\/a>\n\t\t\t\t\t\t\t\t\t\t\t\t\t\t\t<\/div>\n\t\t\t\t<\/div>\n\t\t\t\t<div class=\"elementor-element elementor-element-112104b elementor-widget__width-initial elementor-widget elementor-widget-image\" data-id=\"112104b\" data-element_type=\"widget\" data-e-type=\"widget\" data-widget_type=\"image.default\">\n\t\t\t\t<div class=\"elementor-widget-container\">\n\t\t\t\t\t\t\t\t\t\t\t\t\t\t\t\t<a href=\"https:\/\/www.elconventdemoncada.com\/wp-content\/uploads\/2025\/10\/habitacion-individual-moncada-valencia-2.jpg\" data-elementor-open-lightbox=\"yes\" data-elementor-lightbox-title=\"Habitaci\u00f3n individual\" data-e-action-hash=\"#elementor-action%3Aaction%3Dlightbox%26settings%3DeyJpZCI6Mjk0NiwidXJsIjoiaHR0cHM6XC9cL3d3dy5lbGNvbnZlbnRkZW1vbmNhZGEuY29tXC93cC1jb250ZW50XC91cGxvYWRzXC8yMDI1XC8xMFwvaGFiaXRhY2lvbi1pbmRpdmlkdWFsLW1vbmNhZGEtdmFsZW5jaWEtMi5qcGcifQ%3D%3D\">\n\t\t\t\t\t\t\t<img decoding=\"async\" width=\"740\" height=\"929\" src=\"https:\/\/www.elconventdemoncada.com\/wp-content\/uploads\/2025\/10\/habitacion-individual-moncada-valencia-2.jpg\" class=\"attachment-large size-large wp-image-2946\" alt=\"\" srcset=\"https:\/\/www.elconventdemoncada.com\/wp-content\/uploads\/2025\/10\/habitacion-individual-moncada-valencia-2.jpg 740w, https:\/\/www.elconventdemoncada.com\/wp-content\/uploads\/2025\/10\/habitacion-individual-moncada-valencia-2-239x300.jpg 239w\" sizes=\"(max-width: 740px) 100vw, 740px\" \/>\t\t\t\t\t\t\t\t<\/a>\n\t\t\t\t\t\t\t\t\t\t\t\t\t\t\t<\/div>\n\t\t\t\t<\/div>\n\t\t\t\t<div class=\"elementor-element elementor-element-7933ff7 elementor-widget__width-initial elementor-widget elementor-widget-image\" data-id=\"7933ff7\" data-element_type=\"widget\" data-e-type=\"widget\" data-widget_type=\"image.default\">\n\t\t\t\t<div class=\"elementor-widget-container\">\n\t\t\t\t\t\t\t\t\t\t\t\t\t\t\t\t<a href=\"https:\/\/www.elconventdemoncada.com\/wp-content\/uploads\/2025\/12\/indiv-ban-1.jpg\" data-elementor-open-lightbox=\"yes\" data-elementor-lightbox-title=\"indiv-ban\" data-e-action-hash=\"#elementor-action%3Aaction%3Dlightbox%26settings%3DeyJpZCI6Mjg1OCwidXJsIjoiaHR0cHM6XC9cL3d3dy5lbGNvbnZlbnRkZW1vbmNhZGEuY29tXC93cC1jb250ZW50XC91cGxvYWRzXC8yMDI1XC8xMlwvaW5kaXYtYmFuLTEuanBnIn0%3D\">\n\t\t\t\t\t\t\t<img decoding=\"async\" width=\"740\" height=\"929\" src=\"https:\/\/www.elconventdemoncada.com\/wp-content\/uploads\/2025\/12\/indiv-ban-1.jpg\" class=\"attachment-large size-large wp-image-2858\" alt=\"\" srcset=\"https:\/\/www.elconventdemoncada.com\/wp-content\/uploads\/2025\/12\/indiv-ban-1.jpg 740w, https:\/\/www.elconventdemoncada.com\/wp-content\/uploads\/2025\/12\/indiv-ban-1-239x300.jpg 239w, https:\/\/www.elconventdemoncada.com\/wp-content\/uploads\/2025\/12\/indiv-ban-1-600x753.jpg 600w\" sizes=\"(max-width: 740px) 100vw, 740px\" \/>\t\t\t\t\t\t\t\t<\/a>\n\t\t\t\t\t\t\t\t\t\t\t\t\t\t\t<\/div>\n\t\t\t\t<\/div>\n\t\t\t\t<div class=\"elementor-element elementor-element-04e8db9 elementor-widget__width-initial elementor-widget elementor-widget-image\" data-id=\"04e8db9\" data-element_type=\"widget\" data-e-type=\"widget\" data-widget_type=\"image.default\">\n\t\t\t\t<div class=\"elementor-widget-container\">\n\t\t\t\t\t\t\t\t\t\t\t\t\t\t\t\t<a href=\"https:\/\/www.elconventdemoncada.com\/wp-content\/uploads\/2025\/10\/habitacion-individual-moncada-valencia-3.jpg\" data-elementor-open-lightbox=\"yes\" data-elementor-lightbox-title=\"Detalle de habitaci\u00f3n individual\" data-e-action-hash=\"#elementor-action%3Aaction%3Dlightbox%26settings%3DeyJpZCI6Mjk0NywidXJsIjoiaHR0cHM6XC9cL3d3dy5lbGNvbnZlbnRkZW1vbmNhZGEuY29tXC93cC1jb250ZW50XC91cGxvYWRzXC8yMDI1XC8xMFwvaGFiaXRhY2lvbi1pbmRpdmlkdWFsLW1vbmNhZGEtdmFsZW5jaWEtMy5qcGcifQ%3D%3D\">\n\t\t\t\t\t\t\t<img loading=\"lazy\" decoding=\"async\" width=\"740\" height=\"929\" src=\"https:\/\/www.elconventdemoncada.com\/wp-content\/uploads\/2025\/10\/habitacion-individual-moncada-valencia-3.jpg\" class=\"attachment-large size-large wp-image-2947\" alt=\"\" srcset=\"https:\/\/www.elconventdemoncada.com\/wp-content\/uploads\/2025\/10\/habitacion-individual-moncada-valencia-3.jpg 740w, https:\/\/www.elconventdemoncada.com\/wp-content\/uploads\/2025\/10\/habitacion-individual-moncada-valencia-3-239x300.jpg 239w\" sizes=\"(max-width: 740px) 100vw, 740px\" \/>\t\t\t\t\t\t\t\t<\/a>\n\t\t\t\t\t\t\t\t\t\t\t\t\t\t\t<\/div>\n\t\t\t\t<\/div>\n\t\t\t\t<div class=\"elementor-element elementor-element-9fb6dac elementor-widget__width-initial elementor-widget elementor-widget-image\" data-id=\"9fb6dac\" data-element_type=\"widget\" data-e-type=\"widget\" data-widget_type=\"image.default\">\n\t\t\t\t<div class=\"elementor-widget-container\">\n\t\t\t\t\t\t\t\t\t\t\t\t\t\t\t\t<a href=\"https:\/\/www.elconventdemoncada.com\/wp-content\/uploads\/2025\/12\/indiv-ven-1.jpg\" data-elementor-open-lightbox=\"yes\" data-elementor-lightbox-title=\"indiv-ven\" data-e-action-hash=\"#elementor-action%3Aaction%3Dlightbox%26settings%3DeyJpZCI6Mjg2MCwidXJsIjoiaHR0cHM6XC9cL3d3dy5lbGNvbnZlbnRkZW1vbmNhZGEuY29tXC93cC1jb250ZW50XC91cGxvYWRzXC8yMDI1XC8xMlwvaW5kaXYtdmVuLTEuanBnIn0%3D\">\n\t\t\t\t\t\t\t<img loading=\"lazy\" decoding=\"async\" width=\"768\" height=\"491\" src=\"https:\/\/www.elconventdemoncada.com\/wp-content\/uploads\/2025\/12\/indiv-ven-1-768x491.jpg\" class=\"attachment-medium_large size-medium_large wp-image-2860\" alt=\"\" srcset=\"https:\/\/www.elconventdemoncada.com\/wp-content\/uploads\/2025\/12\/indiv-ven-1-768x491.jpg 768w, https:\/\/www.elconventdemoncada.com\/wp-content\/uploads\/2025\/12\/indiv-ven-1-600x384.jpg 600w, https:\/\/www.elconventdemoncada.com\/wp-content\/uploads\/2025\/12\/indiv-ven-1-300x192.jpg 300w, https:\/\/www.elconventdemoncada.com\/wp-content\/uploads\/2025\/12\/indiv-ven-1.jpg 788w\" sizes=\"(max-width: 768px) 100vw, 768px\" \/>\t\t\t\t\t\t\t\t<\/a>\n\t\t\t\t\t\t\t\t\t\t\t\t\t\t\t<\/div>\n\t\t\t\t<\/div>\n\t\t\t\t<section class=\"elementor-section elementor-inner-section elementor-element elementor-element-51a7c51 elementor-section-boxed elementor-section-height-default elementor-section-height-default\" data-id=\"51a7c51\" data-element_type=\"section\" data-e-type=\"section\">\n\t\t\t\t\t\t<div class=\"elementor-container elementor-column-gap-default\">\n\t\t\t\t\t<div class=\"elementor-column elementor-col-50 elementor-inner-column elementor-element elementor-element-2fb9088\" data-id=\"2fb9088\" data-element_type=\"column\" data-e-type=\"column\">\n\t\t\t<div class=\"elementor-widget-wrap\">\n\t\t\t\t\t\t\t<\/div>\n\t\t<\/div>\n\t\t\t\t<div class=\"elementor-column elementor-col-50 elementor-inner-column elementor-element elementor-element-ee1671c\" data-id=\"ee1671c\" data-element_type=\"column\" data-e-type=\"column\">\n\t\t\t<div class=\"elementor-widget-wrap\">\n\t\t\t\t\t\t\t<\/div>\n\t\t<\/div>\n\t\t\t\t\t<\/div>\n\t\t<\/section>\n\t\t\t\t\t<\/div>\n\t\t<\/div>\n\t\t\t\t<div class=\"elementor-column elementor-col-50 elementor-top-column elementor-element elementor-element-4c597aa\" data-id=\"4c597aa\" data-element_type=\"column\" data-e-type=\"column\">\n\t\t\t<div class=\"elementor-widget-wrap elementor-element-populated\">\n\t\t\t\t\t\t<div class=\"elementor-element elementor-element-e94386e elementor-widget elementor-widget-text-editor\" data-id=\"e94386e\" data-element_type=\"widget\" data-e-type=\"widget\" data-widget_type=\"text-editor.default\">\n\t\t\t\t<div class=\"elementor-widget-container\">\n\t\t\t\t\t\t\t\t\t<p>NOS CHAMBRES OFFRENT DEUX STYLES DIFF\u00c9RENTS, m\u00e9lange de l\u2019architecture m\u00e9diterran\u00e9enne classique et du style moderne et fonctionnel. Dans le reste des espaces, les deux styles sont combin\u00e9s, permettant de profiter pleinement de la s\u00e9r\u00e9nit\u00e9 et du calme du Convent.<\/p>\n\n<p>Toutes les chambres ont de grandes fen\u00eatres qui apportent de la lumi\u00e8re \u00e0 la pi\u00e8ce et sont con\u00e7ues pour vous faire sentir comme chez vous. Chacune est diff\u00e9rente, mais elles offrent les m\u00eames services : salle de bain avec douche, chauffage, climatisation, t\u00e9l\u00e9vision et Wi-Fi.<\/p>\n\n<p style=\"margin-left: 0px; margin-right: 0px;\">Dans notre h\u00e9bergement, vous trouverez trois espaces que vous pourrez utiliser 24h\/24 et 7j\/7 pour votre confort et pour faciliter votre s\u00e9jour avec nous.<\/p>\n\n<span style=\"font-size: var(--cib-type-subtitle2-stronger-font-size);\">Nous disposons d\u2019un salon commun<\/span> partag\u00e9 o\u00f9 les clients peuvent se d\u00e9tendre, lire ou socialiser tout en regardant la t\u00e9l\u00e9vision.\n\n<p>L\u2019auberge propose un h\u00e9bergement avec petit-d\u00e9jeuner inclus. Nous proposons une vari\u00e9t\u00e9 de pains, charcuteries, jus, caf\u00e9, viennoiseries, laits v\u00e9g\u00e9taux, fruits\u2026 et bien s\u00fbr, sur demande, nous servons des petits-d\u00e9jeuners adapt\u00e9s aux personnes atteintes de la maladie c\u0153liaque. La salle \u00e0 manger est disponible toute la journ\u00e9e avec un micro-ondes et un r\u00e9frig\u00e9rateur pour que les clients puissent laisser leurs propres aliments ou boissons \u00e0 utiliser \u00e0 leur convenance.<\/p>\n\n<p>Pour profiter de l\u2019ext\u00e9rieur, nous disposons d\u2019une terrasse partag\u00e9e. Depuis cet espace, les visiteurs peuvent admirer le couvent et son clocher. C\u2019est un lieu id\u00e9al pour prendre un caf\u00e9 ou simplement profiter du climat.<\/p>\n\t\t\t\t\t\t\t\t<\/div>\n\t\t\t\t<\/div>\n\t\t\t\t<section class=\"elementor-section elementor-inner-section elementor-element elementor-element-7ed683e elementor-section-boxed elementor-section-height-default elementor-section-height-default\" data-id=\"7ed683e\" data-element_type=\"section\" data-e-type=\"section\">\n\t\t\t\t\t\t<div class=\"elementor-container elementor-column-gap-default\">\n\t\t\t\t\t<div class=\"elementor-column elementor-col-50 elementor-inner-column elementor-element elementor-element-2a1eb32\" data-id=\"2a1eb32\" data-element_type=\"column\" data-e-type=\"column\">\n\t\t\t<div class=\"elementor-widget-wrap elementor-element-populated\">\n\t\t\t\t\t\t<div class=\"elementor-element elementor-element-65c710d elementor-widget elementor-widget-text-editor\" data-id=\"65c710d\" data-element_type=\"widget\" data-e-type=\"widget\" data-widget_type=\"text-editor.default\">\n\t\t\t\t<div class=\"elementor-widget-container\">\n\t\t\t\t\t\t\t\t\t<p>Chambres \u00e0 partir de<\/p>\t\t\t\t\t\t\t\t<\/div>\n\t\t\t\t<\/div>\n\t\t\t\t\t<\/div>\n\t\t<\/div>\n\t\t\t\t<div class=\"elementor-column elementor-col-50 elementor-inner-column elementor-element elementor-element-e07e8df\" data-id=\"e07e8df\" data-element_type=\"column\" data-e-type=\"column\">\n\t\t\t<div class=\"elementor-widget-wrap elementor-element-populated\">\n\t\t\t\t\t\t<div class=\"elementor-element elementor-element-0cec25d elementor-widget elementor-widget-text-editor\" data-id=\"0cec25d\" data-element_type=\"widget\" data-e-type=\"widget\" data-widget_type=\"text-editor.default\">\n\t\t\t\t<div class=\"elementor-widget-container\">\n\t\t\t\t\t\t\t\t\t<p>45 \u20ac<\/p>\t\t\t\t\t\t\t\t<\/div>\n\t\t\t\t<\/div>\n\t\t\t\t\t<\/div>\n\t\t<\/div>\n\t\t\t\t\t<\/div>\n\t\t<\/section>\n\t\t\t\t\t<\/div>\n\t\t<\/div>\n\t\t\t\t\t<\/div>\n\t\t<\/section>\n\t\t\t\t<section class=\"elementor-section elementor-top-section elementor-element elementor-element-89447e7 elementor-section-boxed elementor-section-height-default elementor-section-height-default\" data-id=\"89447e7\" data-element_type=\"section\" data-e-type=\"section\" data-settings=\"{&quot;background_background&quot;:&quot;classic&quot;}\">\n\t\t\t\t\t\t<div class=\"elementor-container elementor-column-gap-default\">\n\t\t\t\t\t<div class=\"elementor-column elementor-col-100 elementor-top-column elementor-element elementor-element-2486448\" data-id=\"2486448\" data-element_type=\"column\" data-e-type=\"column\">\n\t\t\t<div class=\"elementor-widget-wrap elementor-element-populated\">\n\t\t\t\t\t\t<div class=\"elementor-element elementor-element-7907a02 elementor-widget elementor-widget-mphbe-availability\" data-id=\"7907a02\" data-element_type=\"widget\" data-e-type=\"widget\" data-settings=\"{&quot;hide_labels&quot;:&quot;no&quot;,&quot;no_paddings&quot;:&quot;no&quot;,&quot;hide_tips&quot;:&quot;no&quot;,&quot;stretch_btn&quot;:&quot;no&quot;}\" data-widget_type=\"mphbe-availability.default\">\n\t\t\t\t<div class=\"elementor-widget-container\">\n\t\t\t\t\t<div class=\"mphb_sc_booking_form-wrapper is-style-horizontal-form \">\t<form method=\"GET\" action=\"https:\/\/www.elconventdemoncada.com\/fr\/resultats-de-la-recherche\/\" class=\"mphb-booking-form \" id=\"booking-form-910\" data-first_available_check_in_date=\"2026-04-26\">\n\n\t\t<p class=\"mphb-required-fields-tip\"><small>Les champs obligatoires sont suivis de <abbr title=\"required\">*<\/abbr><\/small><\/p>\n\t\t<input type=\"hidden\" id=\"mphb-checkout-nonce\" name=\"mphb-checkout-nonce\" value=\"da851615d2\" \/><input type=\"hidden\" name=\"_wp_http_referer\" value=\"\/fr\/wp-json\/wp\/v2\/pages\/2948\" \/>\t\t\t\t<input type=\"hidden\" name=\"mphb_room_type_id\" value=\"910\" \/>\n\t\t<p class=\"mphb-check-in-date-wrapper\">\n\t\t\t<label for=\"mphb_check_in_date-69ee2f6c35548\">\n\t\t\t\tDate d&#039;arriv\u00e9e\t\t\t\t<abbr title=\"Format\u00e9 comme dd\/mm\/yyyy\">*<\/abbr>\n\t\t\t<\/label>\n\t\t\t<br \/>\n\t\t\t<input id=\"mphb_check_in_date-69ee2f6c35548\" type=\"text\" class=\"mphb-datepick\" value=\"\" required=\"required\" autocomplete=\"off\" placeholder=\"Date d&#039;arriv\u00e9e\" inputmode=\"none\" \/>\n\t\t\t<input id=\"mphb_check_in_date-69ee2f6c35548-hidden\" type=\"hidden\" name=\"mphb_check_in_date\" value=\"\" \/>\n\t\t<\/p>\n\t\t<p class=\"mphb-check-out-date-wrapper\">\n\t\t\t<label for=\"mphb_check_out_date-69ee2f6c35548\">\n\t\t\t\tDate de d\u00e9part\t\t\t\t<abbr title=\"Format\u00e9 comme dd\/mm\/yyyy\">*<\/abbr>\n\t\t\t<\/label>\n\t\t\t<br \/>\n\t\t\t<input id=\"mphb_check_out_date-69ee2f6c35548\" type=\"text\" class=\"mphb-datepick\" value=\"\" required=\"required\" autocomplete=\"off\" placeholder=\"Date de d\u00e9part\" inputmode=\"none\" \/>\n\t\t\t<input id=\"mphb_check_out_date-69ee2f6c35548-hidden\" type=\"hidden\" name=\"mphb_check_out_date\" value=\"\" \/>\n\t\t<\/p>\n\t\t\n\t\t\t\n\t\t\t\t<p class=\"mphb-adults-wrapper mphb-capacity-wrapper\">\n\t\t\t\t\t<label for=\"mphb_adults-69ee2f6c35548\">\n\t\t\t\t\t\tAdultes\t\t\t\t\t<\/label>\n\t\t\t\t\t<br \/>\n\t\t\t\t\t<select id=\"mphb_adults-69ee2f6c35548\" name=\"mphb_adults\">\n\n\t\t\t\t\t\t\n\t\t\t\t\t\t\t<option value=\"1\" >1<\/option>\n\t\t\t\t\t\t\n\t\t\t\t\t\t\n\t\t\t\t\t\t\t<option value=\"2\" >2<\/option>\n\t\t\t\t\t\t\n\t\t\t\t\t\t\n\t\t\t\t\t\t\t<option value=\"3\" >3<\/option>\n\t\t\t\t\t\t\n\t\t\t\t\t\t\n\t\t\t\t\t\t\t<option value=\"4\" >4<\/option>\n\t\t\t\t\t\t\n\t\t\t\t\t\t\n\t\t\t\t\t\t\t<option value=\"5\" >5<\/option>\n\t\t\t\t\t\t\n\t\t\t\t\t\t\n\t\t\t\t\t\t\t<option value=\"6\" >6<\/option>\n\t\t\t\t\t\t\n\t\t\t\t\t\t\t\t\t\t\t<\/select>\n\t\t\t\t<\/p>\n\t\t\t\n\t\t\t\n\t\t\t\t<p class=\"mphb-children-wrapper mphb-capacity-wrapper\">\n\t\t\t\t\t<label for=\"mphb_children-69ee2f6c35548\">\n\t\t\t\t\t\tEnfants  \t\t\t\t\t<\/label>\n\t\t\t\t\t<br \/>\n\n\t\t\t\t\t\t\t\t\t\t<select id=\"mphb_children-69ee2f6c35548\" name=\"mphb_children\" >\n\n\t\t\t\t\t\t\n\t\t\t\t\t\t\t<option value=\"0\" >0<\/option>\n\n\t\t\t\t\t\t\n\t\t\t\t\t\t\t<option value=\"1\" >1<\/option>\n\n\t\t\t\t\t\t\n\t\t\t\t\t\t\t<option value=\"2\" >2<\/option>\n\n\t\t\t\t\t\t\t\t\t\t\t<\/select>\n\n\t\t\t\t<\/p>\n\t\t\t\t\t\t\t\n\t\t<div class=\"mphb-errors-wrapper mphb-hide\"><\/div>\n\t\t<p class=\"mphb-reserve-btn-wrapper\">\n\t\t\t<input class=\"mphb-reserve-btn button\" type=\"submit\" value=\"V\u00e9rifier la disponibilit\u00e9\" \/>\n\t\t<\/p>\n\t<\/form>\n\t<\/div>\t\t\t\t<\/div>\n\t\t\t\t<\/div>\n\t\t\t\t\t<\/div>\n\t\t<\/div>\n\t\t\t\t\t<\/div>\n\t\t<\/section>\n\t\t\t\t<section class=\"elementor-section elementor-top-section elementor-element elementor-element-eafc6a9 elementor-section-boxed elementor-section-height-default elementor-section-height-default\" data-id=\"eafc6a9\" data-element_type=\"section\" data-e-type=\"section\">\n\t\t\t\t\t\t<div class=\"elementor-container elementor-column-gap-default\">\n\t\t\t\t\t<div class=\"elementor-column elementor-col-100 elementor-top-column elementor-element elementor-element-0c08afd\" data-id=\"0c08afd\" data-element_type=\"column\" data-e-type=\"column\">\n\t\t\t<div class=\"elementor-widget-wrap elementor-element-populated\">\n\t\t\t\t\t\t<div class=\"elementor-element elementor-element-cd9f730 elementor-widget elementor-widget-image\" data-id=\"cd9f730\" data-element_type=\"widget\" data-e-type=\"widget\" data-widget_type=\"image.default\">\n\t\t\t\t<div class=\"elementor-widget-container\">\n\t\t\t\t\t\t\t\t\t\t\t\t\t\t\t<img loading=\"lazy\" decoding=\"async\" width=\"336\" height=\"50\" src=\"https:\/\/www.elconventdemoncada.com\/wp-content\/uploads\/2025\/10\/iconos-hab-hospederia.png\" class=\"attachment-large size-large wp-image-2928\" alt=\"\" srcset=\"https:\/\/www.elconventdemoncada.com\/wp-content\/uploads\/2025\/10\/iconos-hab-hospederia.png 336w, https:\/\/www.elconventdemoncada.com\/wp-content\/uploads\/2025\/10\/iconos-hab-hospederia-300x45.png 300w\" sizes=\"(max-width: 336px) 100vw, 336px\" \/>\t\t\t\t\t\t\t\t\t\t\t\t\t\t\t<\/div>\n\t\t\t\t<\/div>\n\t\t\t\t\t<\/div>\n\t\t<\/div>\n\t\t\t\t\t<\/div>\n\t\t<\/section>\n\t\t\t\t<\/div>\n\t\t","protected":false},"excerpt":{"rendered":"<p>Chambres individuelles NOS CHAMBRES OFFRENT DEUX STYLES DIFF\u00c9RENTS, m\u00e9lange de l\u2019architecture m\u00e9diterran\u00e9enne classique et du style moderne et fonctionnel. Dans le reste des espaces, les deux styles sont combin\u00e9s, permettant de profiter pleinement de la s\u00e9r\u00e9nit\u00e9 et du calme du Convent. Toutes les chambres ont de grandes fen\u00eatres qui apportent de la lumi\u00e8re \u00e0 la [&hellip;]<\/p>\n","protected":false},"author":1,"featured_media":0,"parent":0,"menu_order":0,"comment_status":"closed","ping_status":"closed","template":"elementor_header_footer","meta":{"site-sidebar-layout":"no-sidebar","site-content-layout":"page-builder","ast-site-content-layout":"full-width-container","site-content-style":"default","site-sidebar-style":"default","ast-global-header-display":"","ast-banner-title-visibility":"","ast-main-header-display":"","ast-hfb-above-header-display":"","ast-hfb-below-header-display":"","ast-hfb-mobile-header-display":"","site-post-title":"","ast-breadcrumbs-content":"","ast-featured-img":"disabled","footer-sml-layout":"","ast-disable-related-posts":"","theme-transparent-header-meta":"","adv-header-id-meta":"","stick-header-meta":"","header-above-stick-meta":"","header-main-stick-meta":"","header-below-stick-meta":"","astra-migrate-meta-layouts":"default","ast-page-background-enabled":"default","ast-page-background-meta":{"desktop":{"background-color":"","background-image":"","background-repeat":"repeat","background-position":"center center","background-size":"auto","background-attachment":"scroll","background-type":"","background-media":"","overlay-type":"","overlay-color":"","overlay-opacity":"","overlay-gradient":""},"tablet":{"background-color":"","background-image":"","background-repeat":"repeat","background-position":"center center","background-size":"auto","background-attachment":"scroll","background-type":"","background-media":"","overlay-type":"","overlay-color":"","overlay-opacity":"","overlay-gradient":""},"mobile":{"background-color":"","background-image":"","background-repeat":"repeat","background-position":"center center","background-size":"auto","background-attachment":"scroll","background-type":"","background-media":"","overlay-type":"","overlay-color":"","overlay-opacity":"","overlay-gradient":""}},"ast-content-background-meta":{"desktop":{"background-color":"var(--ast-global-color-5)","background-image":"","background-repeat":"repeat","background-position":"center center","background-size":"auto","background-attachment":"scroll","background-type":"","background-media":"","overlay-type":"","overlay-color":"","overlay-opacity":"","overlay-gradient":""},"tablet":{"background-color":"var(--ast-global-color-5)","background-image":"","background-repeat":"repeat","background-position":"center center","background-size":"auto","background-attachment":"scroll","background-type":"","background-media":"","overlay-type":"","overlay-color":"","overlay-opacity":"","overlay-gradient":""},"mobile":{"background-color":"var(--ast-global-color-5)","background-image":"","background-repeat":"repeat","background-position":"center center","background-size":"auto","background-attachment":"scroll","background-type":"","background-media":"","overlay-type":"","overlay-color":"","overlay-opacity":"","overlay-gradient":""}},"footnotes":""},"class_list":["post-2948","page","type-page","status-publish","hentry"],"_links":{"self":[{"href":"https:\/\/www.elconventdemoncada.com\/fr\/wp-json\/wp\/v2\/pages\/2948","targetHints":{"allow":["GET"]}}],"collection":[{"href":"https:\/\/www.elconventdemoncada.com\/fr\/wp-json\/wp\/v2\/pages"}],"about":[{"href":"https:\/\/www.elconventdemoncada.com\/fr\/wp-json\/wp\/v2\/types\/page"}],"author":[{"embeddable":true,"href":"https:\/\/www.elconventdemoncada.com\/fr\/wp-json\/wp\/v2\/users\/1"}],"replies":[{"embeddable":true,"href":"https:\/\/www.elconventdemoncada.com\/fr\/wp-json\/wp\/v2\/comments?post=2948"}],"version-history":[{"count":0,"href":"https:\/\/www.elconventdemoncada.com\/fr\/wp-json\/wp\/v2\/pages\/2948\/revisions"}],"wp:attachment":[{"href":"https:\/\/www.elconventdemoncada.com\/fr\/wp-json\/wp\/v2\/media?parent=2948"}],"curies":[{"name":"wp","href":"https:\/\/api.w.org\/{rel}","templated":true}]}}