{"id":2929,"date":"2025-10-30T10:10:10","date_gmt":"2025-10-30T09:10:10","guid":{"rendered":"https:\/\/www.wishingwell.es\/convent2\/double-rooms\/"},"modified":"2025-12-11T14:37:02","modified_gmt":"2025-12-11T13:37:02","slug":"chambres-doubles","status":"publish","type":"page","link":"https:\/\/www.elconventdemoncada.com\/fr\/chambres-doubles\/","title":{"rendered":"Chambres doubles"},"content":{"rendered":"\t\t<div data-elementor-type=\"wp-page\" data-elementor-id=\"2929\" class=\"elementor elementor-2929 elementor-1089\">\n\t\t\t\t\t\t<section class=\"elementor-section elementor-top-section elementor-element elementor-element-8e5236 elementor-section-stretched elementor-section-boxed elementor-section-height-default elementor-section-height-default\" data-id=\"8e5236\" data-element_type=\"section\" data-e-type=\"section\" data-settings=\"{&quot;stretch_section&quot;:&quot;section-stretched&quot;,&quot;background_background&quot;:&quot;classic&quot;}\">\n\t\t\t\t\t\t<div class=\"elementor-container elementor-column-gap-default\">\n\t\t\t\t\t<div class=\"elementor-column elementor-col-100 elementor-top-column elementor-element elementor-element-7586829e\" data-id=\"7586829e\" data-element_type=\"column\" data-e-type=\"column\">\n\t\t\t<div class=\"elementor-widget-wrap elementor-element-populated\">\n\t\t\t\t\t\t<div class=\"elementor-element elementor-element-4cf58bde elementor-widget__width-auto elementor-widget elementor-widget-heading\" data-id=\"4cf58bde\" data-element_type=\"widget\" data-e-type=\"widget\" data-widget_type=\"heading.default\">\n\t\t\t\t<div class=\"elementor-widget-container\">\n\t\t\t\t\t<h2 class=\"elementor-heading-title elementor-size-default\">Chambres doubles<\/h2>\t\t\t\t<\/div>\n\t\t\t\t<\/div>\n\t\t\t\t\t<\/div>\n\t\t<\/div>\n\t\t\t\t\t<\/div>\n\t\t<\/section>\n\t\t\t\t<section class=\"elementor-section elementor-top-section elementor-element elementor-element-4355779f elementor-section-boxed elementor-section-height-default elementor-section-height-default\" data-id=\"4355779f\" data-element_type=\"section\" data-e-type=\"section\">\n\t\t\t\t\t\t<div class=\"elementor-container elementor-column-gap-default\">\n\t\t\t\t\t<div class=\"elementor-column elementor-col-50 elementor-top-column elementor-element elementor-element-aba8843\" data-id=\"aba8843\" data-element_type=\"column\" data-e-type=\"column\">\n\t\t\t<div class=\"elementor-widget-wrap elementor-element-populated\">\n\t\t\t\t\t\t<div class=\"elementor-element elementor-element-2d77c377 elementor-widget elementor-widget-image\" data-id=\"2d77c377\" data-element_type=\"widget\" data-e-type=\"widget\" data-widget_type=\"image.default\">\n\t\t\t\t<div class=\"elementor-widget-container\">\n\t\t\t\t\t\t\t\t\t\t\t\t\t\t\t\t<a href=\"https:\/\/www.elconventdemoncada.com\/wp-content\/uploads\/2025\/12\/dobles-1.jpg\" data-elementor-open-lightbox=\"yes\" data-elementor-lightbox-title=\"dobles\" data-e-action-hash=\"#elementor-action%3Aaction%3Dlightbox%26settings%3DeyJpZCI6Mjg3MiwidXJsIjoiaHR0cHM6XC9cL3d3dy5lbGNvbnZlbnRkZW1vbmNhZGEuY29tXC93cC1jb250ZW50XC91cGxvYWRzXC8yMDI1XC8xMlwvZG9ibGVzLTEuanBnIn0%3D\">\n\t\t\t\t\t\t\t<img fetchpriority=\"high\" decoding=\"async\" width=\"788\" height=\"504\" src=\"https:\/\/www.elconventdemoncada.com\/wp-content\/uploads\/2025\/12\/dobles-1.jpg\" class=\"attachment-large size-large wp-image-2872\" alt=\"\" srcset=\"https:\/\/www.elconventdemoncada.com\/wp-content\/uploads\/2025\/12\/dobles-1.jpg 788w, https:\/\/www.elconventdemoncada.com\/wp-content\/uploads\/2025\/12\/dobles-1-600x384.jpg 600w, https:\/\/www.elconventdemoncada.com\/wp-content\/uploads\/2025\/12\/dobles-1-300x192.jpg 300w, https:\/\/www.elconventdemoncada.com\/wp-content\/uploads\/2025\/12\/dobles-1-768x491.jpg 768w\" sizes=\"(max-width: 788px) 100vw, 788px\" \/>\t\t\t\t\t\t\t\t<\/a>\n\t\t\t\t\t\t\t\t\t\t\t\t\t\t\t<\/div>\n\t\t\t\t<\/div>\n\t\t\t\t<div class=\"elementor-element elementor-element-5738b9f4 elementor-widget__width-initial elementor-widget elementor-widget-image\" data-id=\"5738b9f4\" data-element_type=\"widget\" data-e-type=\"widget\" data-widget_type=\"image.default\">\n\t\t\t\t<div class=\"elementor-widget-container\">\n\t\t\t\t\t\t\t\t\t\t\t\t\t\t\t\t<a href=\"https:\/\/www.elconventdemoncada.com\/wp-content\/uploads\/2025\/12\/dobles-2-1.jpg\" data-elementor-open-lightbox=\"yes\" data-elementor-lightbox-title=\"dobles-2\" data-e-action-hash=\"#elementor-action%3Aaction%3Dlightbox%26settings%3DeyJpZCI6Mjg1MSwidXJsIjoiaHR0cHM6XC9cL3d3dy5lbGNvbnZlbnRkZW1vbmNhZGEuY29tXC93cC1jb250ZW50XC91cGxvYWRzXC8yMDI1XC8xMlwvZG9ibGVzLTItMS5qcGcifQ%3D%3D\">\n\t\t\t\t\t\t\t<img decoding=\"async\" width=\"788\" height=\"504\" src=\"https:\/\/www.elconventdemoncada.com\/wp-content\/uploads\/2025\/12\/dobles-2-1.jpg\" class=\"attachment-large size-large wp-image-2851\" alt=\"\" srcset=\"https:\/\/www.elconventdemoncada.com\/wp-content\/uploads\/2025\/12\/dobles-2-1.jpg 788w, https:\/\/www.elconventdemoncada.com\/wp-content\/uploads\/2025\/12\/dobles-2-1-300x192.jpg 300w, https:\/\/www.elconventdemoncada.com\/wp-content\/uploads\/2025\/12\/dobles-2-1-768x491.jpg 768w, https:\/\/www.elconventdemoncada.com\/wp-content\/uploads\/2025\/12\/dobles-2-1-600x384.jpg 600w\" sizes=\"(max-width: 788px) 100vw, 788px\" \/>\t\t\t\t\t\t\t\t<\/a>\n\t\t\t\t\t\t\t\t\t\t\t\t\t\t\t<\/div>\n\t\t\t\t<\/div>\n\t\t\t\t<div class=\"elementor-element elementor-element-2cc049d6 elementor-widget__width-initial elementor-widget elementor-widget-image\" data-id=\"2cc049d6\" data-element_type=\"widget\" data-e-type=\"widget\" data-widget_type=\"image.default\">\n\t\t\t\t<div class=\"elementor-widget-container\">\n\t\t\t\t\t\t\t\t\t\t\t\t\t\t\t\t<a href=\"https:\/\/www.elconventdemoncada.com\/wp-content\/uploads\/2025\/11\/habitaciones-dobles-valencia-3.jpg\" data-elementor-open-lightbox=\"yes\" data-elementor-lightbox-title=\"Detalle habitaci\u00f3n doble\" data-e-action-hash=\"#elementor-action%3Aaction%3Dlightbox%26settings%3DeyJpZCI6MjkyNiwidXJsIjoiaHR0cHM6XC9cL3d3dy5lbGNvbnZlbnRkZW1vbmNhZGEuY29tXC93cC1jb250ZW50XC91cGxvYWRzXC8yMDI1XC8xMVwvaGFiaXRhY2lvbmVzLWRvYmxlcy12YWxlbmNpYS0zLmpwZyJ9\">\n\t\t\t\t\t\t\t<img decoding=\"async\" width=\"768\" height=\"491\" src=\"https:\/\/www.elconventdemoncada.com\/wp-content\/uploads\/2025\/11\/habitaciones-dobles-valencia-3-768x491.jpg\" class=\"attachment-medium_large size-medium_large wp-image-2926\" alt=\"\" srcset=\"https:\/\/www.elconventdemoncada.com\/wp-content\/uploads\/2025\/11\/habitaciones-dobles-valencia-3-768x491.jpg 768w, https:\/\/www.elconventdemoncada.com\/wp-content\/uploads\/2025\/11\/habitaciones-dobles-valencia-3-300x192.jpg 300w, https:\/\/www.elconventdemoncada.com\/wp-content\/uploads\/2025\/11\/habitaciones-dobles-valencia-3.jpg 788w\" sizes=\"(max-width: 768px) 100vw, 768px\" \/>\t\t\t\t\t\t\t\t<\/a>\n\t\t\t\t\t\t\t\t\t\t\t\t\t\t\t<\/div>\n\t\t\t\t<\/div>\n\t\t\t\t<div class=\"elementor-element elementor-element-75375983 elementor-widget__width-initial elementor-widget elementor-widget-image\" data-id=\"75375983\" data-element_type=\"widget\" data-e-type=\"widget\" data-widget_type=\"image.default\">\n\t\t\t\t<div class=\"elementor-widget-container\">\n\t\t\t\t\t\t\t\t\t\t\t\t\t\t\t\t<a href=\"https:\/\/www.elconventdemoncada.com\/wp-content\/uploads\/2025\/11\/detalle-banyo-1.jpg\" data-elementor-open-lightbox=\"yes\" data-elementor-lightbox-title=\"Ba\u00f1o habitaci\u00f3n doble\" data-e-action-hash=\"#elementor-action%3Aaction%3Dlightbox%26settings%3DeyJpZCI6MjkyNywidXJsIjoiaHR0cHM6XC9cL3d3dy5lbGNvbnZlbnRkZW1vbmNhZGEuY29tXC93cC1jb250ZW50XC91cGxvYWRzXC8yMDI1XC8xMVwvZGV0YWxsZS1iYW55by0xLmpwZyJ9\">\n\t\t\t\t\t\t\t<img loading=\"lazy\" decoding=\"async\" width=\"740\" height=\"929\" src=\"https:\/\/www.elconventdemoncada.com\/wp-content\/uploads\/2025\/11\/detalle-banyo-1.jpg\" class=\"attachment-large size-large wp-image-2927\" alt=\"\" srcset=\"https:\/\/www.elconventdemoncada.com\/wp-content\/uploads\/2025\/11\/detalle-banyo-1.jpg 740w, https:\/\/www.elconventdemoncada.com\/wp-content\/uploads\/2025\/11\/detalle-banyo-1-239x300.jpg 239w\" sizes=\"(max-width: 740px) 100vw, 740px\" \/>\t\t\t\t\t\t\t\t<\/a>\n\t\t\t\t\t\t\t\t\t\t\t\t\t\t\t<\/div>\n\t\t\t\t<\/div>\n\t\t\t\t<div class=\"elementor-element elementor-element-3bc55f28 elementor-widget__width-initial elementor-widget elementor-widget-image\" data-id=\"3bc55f28\" data-element_type=\"widget\" data-e-type=\"widget\" data-widget_type=\"image.default\">\n\t\t\t\t<div class=\"elementor-widget-container\">\n\t\t\t\t\t\t\t\t\t\t\t\t\t\t\t\t<a href=\"https:\/\/www.elconventdemoncada.com\/wp-content\/uploads\/2025\/12\/dobs-1.jpg\" data-elementor-open-lightbox=\"yes\" data-elementor-lightbox-title=\"dobs\" data-e-action-hash=\"#elementor-action%3Aaction%3Dlightbox%26settings%3DeyJpZCI6Mjg1NCwidXJsIjoiaHR0cHM6XC9cL3d3dy5lbGNvbnZlbnRkZW1vbmNhZGEuY29tXC93cC1jb250ZW50XC91cGxvYWRzXC8yMDI1XC8xMlwvZG9icy0xLmpwZyJ9\">\n\t\t\t\t\t\t\t<img loading=\"lazy\" decoding=\"async\" width=\"740\" height=\"929\" src=\"https:\/\/www.elconventdemoncada.com\/wp-content\/uploads\/2025\/12\/dobs-1.jpg\" class=\"attachment-large size-large wp-image-2854\" alt=\"\" srcset=\"https:\/\/www.elconventdemoncada.com\/wp-content\/uploads\/2025\/12\/dobs-1.jpg 740w, https:\/\/www.elconventdemoncada.com\/wp-content\/uploads\/2025\/12\/dobs-1-239x300.jpg 239w, https:\/\/www.elconventdemoncada.com\/wp-content\/uploads\/2025\/12\/dobs-1-600x753.jpg 600w\" sizes=\"(max-width: 740px) 100vw, 740px\" \/>\t\t\t\t\t\t\t\t<\/a>\n\t\t\t\t\t\t\t\t\t\t\t\t\t\t\t<\/div>\n\t\t\t\t<\/div>\n\t\t\t\t<section class=\"elementor-section elementor-inner-section elementor-element elementor-element-1b022ec5 elementor-section-boxed elementor-section-height-default elementor-section-height-default\" data-id=\"1b022ec5\" data-element_type=\"section\" data-e-type=\"section\">\n\t\t\t\t\t\t<div class=\"elementor-container elementor-column-gap-default\">\n\t\t\t\t\t<div class=\"elementor-column elementor-col-50 elementor-inner-column elementor-element elementor-element-1b3638b9\" data-id=\"1b3638b9\" data-element_type=\"column\" data-e-type=\"column\">\n\t\t\t<div class=\"elementor-widget-wrap\">\n\t\t\t\t\t\t\t<\/div>\n\t\t<\/div>\n\t\t\t\t<div class=\"elementor-column elementor-col-50 elementor-inner-column elementor-element elementor-element-62bc6b1b\" data-id=\"62bc6b1b\" data-element_type=\"column\" data-e-type=\"column\">\n\t\t\t<div class=\"elementor-widget-wrap\">\n\t\t\t\t\t\t\t<\/div>\n\t\t<\/div>\n\t\t\t\t\t<\/div>\n\t\t<\/section>\n\t\t\t\t\t<\/div>\n\t\t<\/div>\n\t\t\t\t<div class=\"elementor-column elementor-col-50 elementor-top-column elementor-element elementor-element-1fe0a4d0\" data-id=\"1fe0a4d0\" data-element_type=\"column\" data-e-type=\"column\">\n\t\t\t<div class=\"elementor-widget-wrap elementor-element-populated\">\n\t\t\t\t\t\t<div class=\"elementor-element elementor-element-68fe436f elementor-widget elementor-widget-text-editor\" data-id=\"68fe436f\" data-element_type=\"widget\" data-e-type=\"widget\" data-widget_type=\"text-editor.default\">\n\t\t\t\t<div class=\"elementor-widget-container\">\n\t\t\t\t\t\t\t\t\t<p data-start=\"0\" data-end=\"103\">Nous disposons de 10 chambres doubles, avec la possibilit\u00e9 d\u2019ajouter un lit suppl\u00e9mentaire si n\u00e9cessaire.<\/p>\n<p data-start=\"105\" data-end=\"412\">Chaque chambre dispose de grandes fen\u00eatres qui remplissent l\u2019espace de lumi\u00e8re naturelle et a \u00e9t\u00e9 d\u00e9cor\u00e9e pour offrir un s\u00e9jour chaleureux et confortable.\nToutes sont diff\u00e9rentes, mais partagent les m\u00eames \u00e9quipements : salle de bain priv\u00e9e avec douche, chauffage, climatisation, t\u00e9l\u00e9vision et Wi-Fi gratuit.<\/p>\n<p data-start=\"414\" data-end=\"556\">Dans nos installations, vous trouverez trois espaces disponibles 24h\/24, con\u00e7us pour vous permettre de profiter d\u2019un s\u00e9jour pratique et agr\u00e9able.<\/p>\n<p data-start=\"558\" data-end=\"676\">Nous vous proposons un salon commun confortable o\u00f9 vous pouvez vous reposer, lire ou discuter tout en regardant la t\u00e9l\u00e9vision.<\/p>\n<p data-start=\"678\" data-end=\"1037\">L\u2019h\u00e9bergement comprend le petit-d\u00e9jeuner. Nous proposons une s\u00e9lection de pains, charcuteries, jus, caf\u00e9, p\u00e2tisseries, fruits et boissons v\u00e9g\u00e9tales. Sur demande, nous servons \u00e9galement des petits-d\u00e9jeuners adapt\u00e9s aux personnes atteintes de la maladie c\u0153liaque. De plus, la salle \u00e0 manger reste ouverte toute la journ\u00e9e et dispose d\u2019un micro-ondes et d\u2019un r\u00e9frig\u00e9rateur afin que les clients puissent stocker ou pr\u00e9parer leur propre nourriture ou boisson.<\/p>\n<p data-start=\"1039\" data-end=\"1273\" data-is-last-node=\"\" data-is-only-node=\"\">Pour ceux qui pr\u00e9f\u00e8rent \u00eatre \u00e0 l\u2019ext\u00e9rieur, nous disposons d\u2019une terrasse partag\u00e9e depuis laquelle vous pouvez contempler les environs du couvent et son clocher. C\u2019est un endroit parfait pour prendre un caf\u00e9, se d\u00e9tendre ou profiter du beau temps.<\/p>\n\t\t\t\t\t\t\t\t<\/div>\n\t\t\t\t<\/div>\n\t\t\t\t<section class=\"elementor-section elementor-inner-section elementor-element elementor-element-2a5f1b1f elementor-section-boxed elementor-section-height-default elementor-section-height-default\" data-id=\"2a5f1b1f\" data-element_type=\"section\" data-e-type=\"section\">\n\t\t\t\t\t\t<div class=\"elementor-container elementor-column-gap-default\">\n\t\t\t\t\t<div class=\"elementor-column elementor-col-50 elementor-inner-column elementor-element elementor-element-398ae366\" data-id=\"398ae366\" data-element_type=\"column\" data-e-type=\"column\">\n\t\t\t<div class=\"elementor-widget-wrap elementor-element-populated\">\n\t\t\t\t\t\t<div class=\"elementor-element elementor-element-290b9952 elementor-widget elementor-widget-text-editor\" data-id=\"290b9952\" data-element_type=\"widget\" data-e-type=\"widget\" data-widget_type=\"text-editor.default\">\n\t\t\t\t<div class=\"elementor-widget-container\">\n\t\t\t\t\t\t\t\t\t<article class=\"text-token-text-primary w-full focus:outline-none [--shadow-height:45px] has-data-writing-block:pointer-events-none has-data-writing-block:-mt-(--shadow-height) has-data-writing-block:pt-(--shadow-height) [&amp;:has([data-writing-block])&gt;*]:pointer-events-auto scroll-mt-[calc(var(--header-height)+min(200px,max(70px,20svh)))]\" dir=\"auto\" tabindex=\"-1\" data-turn-id=\"request-693aa881-1d98-8325-b480-7986fc8ad1b2-23\" data-testid=\"conversation-turn-90\" data-scroll-anchor=\"true\" data-turn=\"assistant\"><div class=\"text-base my-auto mx-auto pb-10 [--thread-content-margin:--spacing(4)] @w-sm\/main:[--thread-content-margin:--spacing(6)] @w-lg\/main:[--thread-content-margin:--spacing(16)] px-(--thread-content-margin)\"><div class=\"[--thread-content-max-width:40rem] @w-lg\/main:[--thread-content-max-width:48rem] mx-auto max-w-(--thread-content-max-width) flex-1 group\/turn-messages focus-visible:outline-hidden relative flex w-full min-w-0 flex-col agent-turn\" tabindex=\"-1\"><div class=\"flex max-w-full flex-col grow\"><div class=\"min-h-8 text-message relative flex w-full flex-col items-end gap-2 text-start break-words whitespace-normal [.text-message+&amp;]:mt-1\" dir=\"auto\" data-message-author-role=\"assistant\" data-message-id=\"692ff4c7-ef1a-45f6-9bfc-3993eb349147\" data-message-model-slug=\"gpt-5-mini\"><div class=\"flex w-full flex-col gap-1 empty:hidden first:pt-[1px]\"><div class=\"markdown prose dark:prose-invert w-full break-words light markdown-new-styling\"><p data-start=\"0\" data-end=\"20\" data-is-last-node=\"\" data-is-only-node=\"\">Chambres \u00e0 partir de<\/p><\/div><\/div><\/div><\/div><\/div><\/div><\/article>\t\t\t\t\t\t\t\t<\/div>\n\t\t\t\t<\/div>\n\t\t\t\t\t<\/div>\n\t\t<\/div>\n\t\t\t\t<div class=\"elementor-column elementor-col-50 elementor-inner-column elementor-element elementor-element-180169af\" data-id=\"180169af\" data-element_type=\"column\" data-e-type=\"column\">\n\t\t\t<div class=\"elementor-widget-wrap elementor-element-populated\">\n\t\t\t\t\t\t<div class=\"elementor-element elementor-element-323757c6 elementor-widget elementor-widget-text-editor\" data-id=\"323757c6\" data-element_type=\"widget\" data-e-type=\"widget\" data-widget_type=\"text-editor.default\">\n\t\t\t\t<div class=\"elementor-widget-container\">\n\t\t\t\t\t\t\t\t\t<p>\u20ac75<\/p>\t\t\t\t\t\t\t\t<\/div>\n\t\t\t\t<\/div>\n\t\t\t\t\t<\/div>\n\t\t<\/div>\n\t\t\t\t\t<\/div>\n\t\t<\/section>\n\t\t\t\t\t<\/div>\n\t\t<\/div>\n\t\t\t\t\t<\/div>\n\t\t<\/section>\n\t\t\t\t<section class=\"elementor-section elementor-top-section elementor-element elementor-element-bbf2f60 elementor-section-boxed elementor-section-height-default elementor-section-height-default\" data-id=\"bbf2f60\" data-element_type=\"section\" data-e-type=\"section\" data-settings=\"{&quot;background_background&quot;:&quot;classic&quot;}\">\n\t\t\t\t\t\t<div class=\"elementor-container elementor-column-gap-default\">\n\t\t\t\t\t<div class=\"elementor-column elementor-col-100 elementor-top-column elementor-element elementor-element-2fdb4e2\" data-id=\"2fdb4e2\" data-element_type=\"column\" data-e-type=\"column\">\n\t\t\t<div class=\"elementor-widget-wrap elementor-element-populated\">\n\t\t\t\t\t\t<div class=\"elementor-element elementor-element-ab7fbde elementor-widget elementor-widget-mphbe-availability\" data-id=\"ab7fbde\" data-element_type=\"widget\" data-e-type=\"widget\" data-settings=\"{&quot;hide_labels&quot;:&quot;no&quot;,&quot;no_paddings&quot;:&quot;no&quot;,&quot;hide_tips&quot;:&quot;no&quot;,&quot;stretch_btn&quot;:&quot;no&quot;}\" data-widget_type=\"mphbe-availability.default\">\n\t\t\t\t<div class=\"elementor-widget-container\">\n\t\t\t\t\t<div class=\"mphb_sc_booking_form-wrapper is-style-horizontal-form \">\t<form method=\"GET\" action=\"https:\/\/www.elconventdemoncada.com\/fr\/resultats-de-la-recherche\/\" class=\"mphb-booking-form \" id=\"booking-form-915\" data-first_available_check_in_date=\"2026-04-26\">\n\n\t\t<p class=\"mphb-required-fields-tip\"><small>Les champs obligatoires sont suivis de <abbr title=\"required\">*<\/abbr><\/small><\/p>\n\t\t<input type=\"hidden\" id=\"mphb-checkout-nonce\" name=\"mphb-checkout-nonce\" value=\"da851615d2\" \/><input type=\"hidden\" name=\"_wp_http_referer\" value=\"\/fr\/wp-json\/wp\/v2\/pages\/2929\" \/>\t\t\t\t<input type=\"hidden\" name=\"mphb_room_type_id\" value=\"915\" \/>\n\t\t<p class=\"mphb-check-in-date-wrapper\">\n\t\t\t<label for=\"mphb_check_in_date-69ee2b74e941e\">\n\t\t\t\tDate d&#039;arriv\u00e9e\t\t\t\t<abbr title=\"Format\u00e9 comme dd\/mm\/yyyy\">*<\/abbr>\n\t\t\t<\/label>\n\t\t\t<br \/>\n\t\t\t<input id=\"mphb_check_in_date-69ee2b74e941e\" type=\"text\" class=\"mphb-datepick\" value=\"\" required=\"required\" autocomplete=\"off\" placeholder=\"Date d&#039;arriv\u00e9e\" inputmode=\"none\" \/>\n\t\t\t<input id=\"mphb_check_in_date-69ee2b74e941e-hidden\" type=\"hidden\" name=\"mphb_check_in_date\" value=\"\" \/>\n\t\t<\/p>\n\t\t<p class=\"mphb-check-out-date-wrapper\">\n\t\t\t<label for=\"mphb_check_out_date-69ee2b74e941e\">\n\t\t\t\tDate de d\u00e9part\t\t\t\t<abbr title=\"Format\u00e9 comme dd\/mm\/yyyy\">*<\/abbr>\n\t\t\t<\/label>\n\t\t\t<br \/>\n\t\t\t<input id=\"mphb_check_out_date-69ee2b74e941e\" type=\"text\" class=\"mphb-datepick\" value=\"\" required=\"required\" autocomplete=\"off\" placeholder=\"Date de d\u00e9part\" inputmode=\"none\" \/>\n\t\t\t<input id=\"mphb_check_out_date-69ee2b74e941e-hidden\" type=\"hidden\" name=\"mphb_check_out_date\" value=\"\" \/>\n\t\t<\/p>\n\t\t\n\t\t\t\n\t\t\t\t<p class=\"mphb-adults-wrapper mphb-capacity-wrapper\">\n\t\t\t\t\t<label for=\"mphb_adults-69ee2b74e941e\">\n\t\t\t\t\t\tAdultes\t\t\t\t\t<\/label>\n\t\t\t\t\t<br \/>\n\t\t\t\t\t<select id=\"mphb_adults-69ee2b74e941e\" name=\"mphb_adults\">\n\n\t\t\t\t\t\t\n\t\t\t\t\t\t\t<option value=\"1\" >1<\/option>\n\t\t\t\t\t\t\n\t\t\t\t\t\t\n\t\t\t\t\t\t\t<option value=\"2\" >2<\/option>\n\t\t\t\t\t\t\n\t\t\t\t\t\t\n\t\t\t\t\t\t\t<option value=\"3\" >3<\/option>\n\t\t\t\t\t\t\n\t\t\t\t\t\t\n\t\t\t\t\t\t\t<option value=\"4\" >4<\/option>\n\t\t\t\t\t\t\n\t\t\t\t\t\t\n\t\t\t\t\t\t\t<option value=\"5\" >5<\/option>\n\t\t\t\t\t\t\n\t\t\t\t\t\t\n\t\t\t\t\t\t\t<option value=\"6\" >6<\/option>\n\t\t\t\t\t\t\n\t\t\t\t\t\t\t\t\t\t\t<\/select>\n\t\t\t\t<\/p>\n\t\t\t\n\t\t\t\n\t\t\t\t<p class=\"mphb-children-wrapper mphb-capacity-wrapper\">\n\t\t\t\t\t<label for=\"mphb_children-69ee2b74e941e\">\n\t\t\t\t\t\tEnfants  \t\t\t\t\t<\/label>\n\t\t\t\t\t<br \/>\n\n\t\t\t\t\t\t\t\t\t\t<select id=\"mphb_children-69ee2b74e941e\" name=\"mphb_children\" >\n\n\t\t\t\t\t\t\n\t\t\t\t\t\t\t<option value=\"0\" >0<\/option>\n\n\t\t\t\t\t\t\n\t\t\t\t\t\t\t<option value=\"1\" >1<\/option>\n\n\t\t\t\t\t\t\n\t\t\t\t\t\t\t<option value=\"2\" >2<\/option>\n\n\t\t\t\t\t\t\t\t\t\t\t<\/select>\n\n\t\t\t\t<\/p>\n\t\t\t\t\t\t\t\n\t\t<div class=\"mphb-errors-wrapper mphb-hide\"><\/div>\n\t\t<p class=\"mphb-reserve-btn-wrapper\">\n\t\t\t<input class=\"mphb-reserve-btn button\" type=\"submit\" value=\"V\u00e9rifier la disponibilit\u00e9\" \/>\n\t\t<\/p>\n\t<\/form>\n\t<\/div>\t\t\t\t<\/div>\n\t\t\t\t<\/div>\n\t\t\t\t\t<\/div>\n\t\t<\/div>\n\t\t\t\t\t<\/div>\n\t\t<\/section>\n\t\t\t\t<section class=\"elementor-section elementor-top-section elementor-element elementor-element-babdbb4 elementor-section-boxed elementor-section-height-default elementor-section-height-default\" data-id=\"babdbb4\" data-element_type=\"section\" data-e-type=\"section\">\n\t\t\t\t\t\t<div class=\"elementor-container elementor-column-gap-default\">\n\t\t\t\t\t<div class=\"elementor-column elementor-col-100 elementor-top-column elementor-element elementor-element-a14edf8\" data-id=\"a14edf8\" data-element_type=\"column\" data-e-type=\"column\">\n\t\t\t<div class=\"elementor-widget-wrap elementor-element-populated\">\n\t\t\t\t\t\t<div class=\"elementor-element elementor-element-004fd83 elementor-widget elementor-widget-image\" data-id=\"004fd83\" data-element_type=\"widget\" data-e-type=\"widget\" data-widget_type=\"image.default\">\n\t\t\t\t<div class=\"elementor-widget-container\">\n\t\t\t\t\t\t\t\t\t\t\t\t\t\t\t<img loading=\"lazy\" decoding=\"async\" width=\"336\" height=\"50\" src=\"https:\/\/www.elconventdemoncada.com\/wp-content\/uploads\/2025\/10\/iconos-hab-hospederia.png\" class=\"attachment-large size-large wp-image-2928\" alt=\"\" srcset=\"https:\/\/www.elconventdemoncada.com\/wp-content\/uploads\/2025\/10\/iconos-hab-hospederia.png 336w, https:\/\/www.elconventdemoncada.com\/wp-content\/uploads\/2025\/10\/iconos-hab-hospederia-300x45.png 300w\" sizes=\"(max-width: 336px) 100vw, 336px\" \/>\t\t\t\t\t\t\t\t\t\t\t\t\t\t\t<\/div>\n\t\t\t\t<\/div>\n\t\t\t\t\t<\/div>\n\t\t<\/div>\n\t\t\t\t\t<\/div>\n\t\t<\/section>\n\t\t\t\t<\/div>\n\t\t","protected":false},"excerpt":{"rendered":"<p>Chambres doubles Nous disposons de 10 chambres doubles, avec la possibilit\u00e9 d\u2019ajouter un lit suppl\u00e9mentaire si n\u00e9cessaire. Chaque chambre dispose de grandes fen\u00eatres qui remplissent l\u2019espace de lumi\u00e8re naturelle et a \u00e9t\u00e9 d\u00e9cor\u00e9e pour offrir un s\u00e9jour chaleureux et confortable. Toutes sont diff\u00e9rentes, mais partagent les m\u00eames \u00e9quipements : salle de bain priv\u00e9e avec douche, [&hellip;]<\/p>\n","protected":false},"author":1,"featured_media":0,"parent":0,"menu_order":0,"comment_status":"closed","ping_status":"closed","template":"elementor_header_footer","meta":{"site-sidebar-layout":"no-sidebar","site-content-layout":"page-builder","ast-site-content-layout":"full-width-container","site-content-style":"default","site-sidebar-style":"default","ast-global-header-display":"","ast-banner-title-visibility":"","ast-main-header-display":"","ast-hfb-above-header-display":"","ast-hfb-below-header-display":"","ast-hfb-mobile-header-display":"","site-post-title":"","ast-breadcrumbs-content":"","ast-featured-img":"disabled","footer-sml-layout":"","ast-disable-related-posts":"","theme-transparent-header-meta":"","adv-header-id-meta":"","stick-header-meta":"","header-above-stick-meta":"","header-main-stick-meta":"","header-below-stick-meta":"","astra-migrate-meta-layouts":"default","ast-page-background-enabled":"default","ast-page-background-meta":{"desktop":{"background-color":"","background-image":"","background-repeat":"repeat","background-position":"center center","background-size":"auto","background-attachment":"scroll","background-type":"","background-media":"","overlay-type":"","overlay-color":"","overlay-opacity":"","overlay-gradient":""},"tablet":{"background-color":"","background-image":"","background-repeat":"repeat","background-position":"center center","background-size":"auto","background-attachment":"scroll","background-type":"","background-media":"","overlay-type":"","overlay-color":"","overlay-opacity":"","overlay-gradient":""},"mobile":{"background-color":"","background-image":"","background-repeat":"repeat","background-position":"center center","background-size":"auto","background-attachment":"scroll","background-type":"","background-media":"","overlay-type":"","overlay-color":"","overlay-opacity":"","overlay-gradient":""}},"ast-content-background-meta":{"desktop":{"background-color":"var(--ast-global-color-5)","background-image":"","background-repeat":"repeat","background-position":"center center","background-size":"auto","background-attachment":"scroll","background-type":"","background-media":"","overlay-type":"","overlay-color":"","overlay-opacity":"","overlay-gradient":""},"tablet":{"background-color":"var(--ast-global-color-5)","background-image":"","background-repeat":"repeat","background-position":"center center","background-size":"auto","background-attachment":"scroll","background-type":"","background-media":"","overlay-type":"","overlay-color":"","overlay-opacity":"","overlay-gradient":""},"mobile":{"background-color":"var(--ast-global-color-5)","background-image":"","background-repeat":"repeat","background-position":"center center","background-size":"auto","background-attachment":"scroll","background-type":"","background-media":"","overlay-type":"","overlay-color":"","overlay-opacity":"","overlay-gradient":""}},"footnotes":""},"class_list":["post-2929","page","type-page","status-publish","hentry"],"_links":{"self":[{"href":"https:\/\/www.elconventdemoncada.com\/fr\/wp-json\/wp\/v2\/pages\/2929","targetHints":{"allow":["GET"]}}],"collection":[{"href":"https:\/\/www.elconventdemoncada.com\/fr\/wp-json\/wp\/v2\/pages"}],"about":[{"href":"https:\/\/www.elconventdemoncada.com\/fr\/wp-json\/wp\/v2\/types\/page"}],"author":[{"embeddable":true,"href":"https:\/\/www.elconventdemoncada.com\/fr\/wp-json\/wp\/v2\/users\/1"}],"replies":[{"embeddable":true,"href":"https:\/\/www.elconventdemoncada.com\/fr\/wp-json\/wp\/v2\/comments?post=2929"}],"version-history":[{"count":0,"href":"https:\/\/www.elconventdemoncada.com\/fr\/wp-json\/wp\/v2\/pages\/2929\/revisions"}],"wp:attachment":[{"href":"https:\/\/www.elconventdemoncada.com\/fr\/wp-json\/wp\/v2\/media?parent=2929"}],"curies":[{"name":"wp","href":"https:\/\/api.w.org\/{rel}","templated":true}]}}