{"id":2920,"date":"2025-11-19T10:00:08","date_gmt":"2025-11-19T09:00:08","guid":{"rendered":"https:\/\/www.wishingwell.es\/convent2\/politique-de-cookies\/"},"modified":"2025-12-11T14:31:54","modified_gmt":"2025-12-11T13:31:54","slug":"politique-de-cookies","status":"publish","type":"page","link":"https:\/\/www.elconventdemoncada.com\/fr\/politique-de-cookies\/","title":{"rendered":"Politique de cookies"},"content":{"rendered":"\t\t<div data-elementor-type=\"wp-page\" data-elementor-id=\"2920\" class=\"elementor elementor-2920 elementor-1791\">\n\t\t\t\t\t\t<section class=\"elementor-section elementor-top-section elementor-element elementor-element-8eafb8e elementor-section-stretched elementor-section-boxed elementor-section-height-default elementor-section-height-default\" data-id=\"8eafb8e\" data-element_type=\"section\" data-e-type=\"section\" data-settings=\"{&quot;stretch_section&quot;:&quot;section-stretched&quot;,&quot;background_background&quot;:&quot;classic&quot;}\">\n\t\t\t\t\t\t<div class=\"elementor-container elementor-column-gap-default\">\n\t\t\t\t\t<div class=\"elementor-column elementor-col-100 elementor-top-column elementor-element elementor-element-9a6efe9\" data-id=\"9a6efe9\" data-element_type=\"column\" data-e-type=\"column\">\n\t\t\t<div class=\"elementor-widget-wrap elementor-element-populated\">\n\t\t\t\t\t\t<div class=\"elementor-element elementor-element-85399f3 elementor-widget__width-auto elementor-widget elementor-widget-heading\" data-id=\"85399f3\" data-element_type=\"widget\" data-e-type=\"widget\" data-widget_type=\"heading.default\">\n\t\t\t\t<div class=\"elementor-widget-container\">\n\t\t\t\t\t<h2 class=\"elementor-heading-title elementor-size-default\">Politique de cookies<\/h2>\t\t\t\t<\/div>\n\t\t\t\t<\/div>\n\t\t\t\t\t<\/div>\n\t\t<\/div>\n\t\t\t\t\t<\/div>\n\t\t<\/section>\n\t\t\t\t<section class=\"elementor-section elementor-top-section elementor-element elementor-element-41a368d elementor-section-boxed elementor-section-height-default elementor-section-height-default\" data-id=\"41a368d\" data-element_type=\"section\" data-e-type=\"section\">\n\t\t\t\t\t\t<div class=\"elementor-container elementor-column-gap-default\">\n\t\t\t\t\t<div class=\"elementor-column elementor-col-100 elementor-top-column elementor-element elementor-element-2b0ad2a\" data-id=\"2b0ad2a\" data-element_type=\"column\" data-e-type=\"column\">\n\t\t\t<div class=\"elementor-widget-wrap elementor-element-populated\">\n\t\t\t\t\t\t<div class=\"elementor-element elementor-element-5b2d9ad texto_privacidad elementor-widget elementor-widget-text-editor\" data-id=\"5b2d9ad\" data-element_type=\"widget\" data-e-type=\"widget\" data-widget_type=\"text-editor.default\">\n\t\t\t\t<div class=\"elementor-widget-container\">\n\t\t\t\t\t\t\t\t\t<h2><strong>Politique de cookies<\/strong><\/h2><h3><strong>Identification du Responsable du traitement \/ Fournisseur de services de la soci\u00e9t\u00e9 de l\u2019information<\/strong><\/h3><p>Conform\u00e9ment \u00e0 l\u2019article 10 de la loi 34\/2002 du 11 juillet relative aux services de la soci\u00e9t\u00e9 de l\u2019information et au commerce \u00e9lectronique (LSSI-CE), les utilisateurs et les autorit\u00e9s comp\u00e9tentes sont express\u00e9ment, pr\u00e9cis\u00e9ment et sans \u00e9quivoque inform\u00e9s des informations suivantes concernant le fournisseur de services de la soci\u00e9t\u00e9 de l\u2019information :<\/p><p><strong>Identit\u00e9 du Responsable :<\/strong> El Convent de Moncada \u2013 Schola Hostel, S.L.<\/p><p><strong>Nom commercial :<\/strong> El Convent de Moncada \u2013 Schola Hostel<\/p><p><strong>Num\u00e9ro d\u2019identification fiscale (NIF\/CIF) :<\/strong> B98629751<\/p><p><strong>Adresse :<\/strong> Calle de Salvador Giner, 1, 46113 Montcada (Valence), Espagne<\/p><p><strong>Email :<\/strong> <a href=\"mailto:reservas@elconventdemoncada.com\">reservas@elconventdemoncada.com<\/a><\/p><p><strong>Activit\u00e9 :<\/strong> Gestion d\u2019h\u00e9bergements touristiques et services associ\u00e9s<\/p><p><strong>Site web :<\/strong> <a href=\"https:\/\/www.elconventdemoncada.com\">https:\/\/www.elconventdemoncada.com<\/a><\/p><hr \/><h3><strong>Ce que vous devez savoir sur les cookies sur notre site<\/strong><\/h3><p>Conform\u00e9ment \u00e0 la LSSI-CE, nous vous informons que notre site utilise des cookies \u00e0 la fois propri\u00e9taires et de tiers.<\/p><p>En tant qu\u2019utilisateur de ce site, vous devez savoir que nous utilisons des cookies et technologies similaires (ci-apr\u00e8s, \u00ab cookies \u00bb) qui stockent et r\u00e9cup\u00e8rent des informations lors de votre navigation. Ces technologies peuvent servir \u00e0 divers objectifs, tels que vous reconna\u00eetre, obtenir des informations sur vos habitudes de navigation, personnaliser le contenu ou diffuser de la publicit\u00e9.<\/p><p>Ce qui suit explique les types de cookies pouvant appara\u00eetre sur le site :<\/p><p><strong>Cookies par objectif<\/strong><\/p><ul><li><strong>Cookies techniques :<\/strong><br \/>Permettent le contr\u00f4le du trafic, l\u2019identification des sessions, les processus de r\u00e9servation, l\u2019utilisation d\u2019\u00e9l\u00e9ments de s\u00e9curit\u00e9 pendant la navigation, le stockage de contenu multim\u00e9dia pour visualisation, ou le partage de contenu sur les r\u00e9seaux sociaux.<\/li><li><strong>Cookies d\u2019analyse\/mesure :<\/strong><br \/>Permettent l\u2019analyse statistique de l\u2019utilisation du site pour mesurer et am\u00e9liorer l\u2019activit\u00e9 et l\u2019exp\u00e9rience des utilisateurs.<\/li><li><strong>Cookies sociaux :<\/strong><br \/>N\u00e9cessaires pour l\u2019int\u00e9gration avec des r\u00e9seaux sociaux externes (ex. : boutons ou widgets Facebook, Twitter, Instagram) et pour g\u00e9rer l\u2019interaction avec ces services.<\/li><li><strong>Cookies de g\u00e9olocalisation :<\/strong><br \/>Permettent de d\u00e9terminer approximativement la localisation de l\u2019utilisateur afin de fournir des informations pertinentes par ville ou pays. Ces cookies sont anonymes.<\/li><li><strong>Cookies de personnalisation :<\/strong><br \/>Reconnaissent l\u2019utilisateur et permettent la diffusion d\u2019informations personnalis\u00e9es (langue, pr\u00e9f\u00e9rences d\u2019affichage, etc.).<\/li><li><strong>Cookies publicitaires :<\/strong><br \/>G\u00e8rent la publicit\u00e9 affich\u00e9e sur le site, en l\u2019adaptant aux services ou produits demand\u00e9s.<\/li><li><strong>Cookies publicitaires comportementaux :<\/strong><br \/>Collectent des informations sur les habitudes de navigation afin d\u2019\u00e9laborer un profil et d\u2019afficher une publicit\u00e9 personnalis\u00e9e selon les centres d\u2019int\u00e9r\u00eat.<\/li><\/ul><hr \/><p><strong>Cookies par dur\u00e9e<\/strong><\/p><ul><li><strong>Cookies de session :<\/strong><br \/>Cr\u00e9\u00e9s pour collecter et stocker des donn\u00e9es pendant la visite de l\u2019utilisateur ; ils sont supprim\u00e9s lorsque la session ou le navigateur est ferm\u00e9.<\/li><li><strong>Cookies persistants :<\/strong><br \/>Permettent de conserver l\u2019information sur l\u2019appareil et de l\u2019utiliser lors de visites futures jusqu\u2019\u00e0 suppression ou expiration.<\/li><\/ul><hr \/><p><strong>Cookies par entit\u00e9 qui les g\u00e8re<\/strong><\/p><ul><li><strong>Cookies propri\u00e9taires :<\/strong><br \/>\u00c9mis par le syst\u00e8me informatique du propri\u00e9taire du site.<\/li><li><strong>Cookies de tiers :<\/strong><br \/>\u00c9mis par des domaines diff\u00e9rents de celui du propri\u00e9taire, par des entit\u00e9s externes autoris\u00e9es ou contract\u00e9es pour fournir des services (analyse, publicit\u00e9, etc.).<\/li><\/ul><p>Si vous acceptez les cookies de tiers, vous pouvez les g\u00e9rer ou les supprimer via les param\u00e8tres de votre navigateur ou les outils fournis par ces tiers. Pour vous guider, vous pouvez consulter les informations sur la gestion des cookies sur les sites d\u2019assistance des principaux navigateurs :<\/p><ul><li>Google Chrome<\/li><li>Mozilla Firefox<\/li><li>Microsoft Edge<\/li><li>Chrome pour Android<\/li><li>Safari (Apple)<\/li><li>Opera<\/li><\/ul><p>De plus, l\u2019outil <a href=\"http:\/\/www.youronlinechoices.com\/\">http:\/\/www.youronlinechoices.com\/<\/a> peut \u00eatre utile pour g\u00e9rer vos pr\u00e9f\u00e9rences publicitaires.<\/p><p>Veuillez noter que la d\u00e9sactivation de certains cookies peut affecter le bon fonctionnement de certaines fonctionnalit\u00e9s du site et votre exp\u00e9rience de navigation.<\/p><hr \/><h3><strong>Partage des donn\u00e9es<\/strong><\/h3><p>Les donn\u00e9es g\u00e9n\u00e9r\u00e9es par l\u2019utilisation des cookies ne seront pas partag\u00e9es avec des tiers pour des finalit\u00e9s autres que celles indiqu\u00e9es. En cas de transferts vers d\u2019autres pays, vous serez inform\u00e9 et, le cas \u00e9ch\u00e9ant, votre consentement pr\u00e9alable sera demand\u00e9.<\/p><hr \/><h3><strong>Base l\u00e9gale<\/strong><\/h3><p>En cliquant librement sur le bouton <strong>ACCEPTER<\/strong> sur la banni\u00e8re de cookies, vous donnez votre consentement \u00e9clair\u00e9 et explicite \u00e0 l\u2019utilisation des cookies. Vous pouvez modifier ou retirer votre consentement \u00e0 tout moment via les param\u00e8tres de votre navigateur ou les options de gestion des cookies disponibles sur le site.<\/p><hr \/><h3><strong>Vos droits<\/strong><\/h3><p>Vous avez le droit de savoir si nous traitons vos donn\u00e9es personnelles et d\u2019exercer les droits d\u2019acc\u00e8s, de rectification, de suppression, de limitation du traitement, d\u2019opposition et de portabilit\u00e9. Pour ce faire, vous pouvez envoyer une demande \u00e9crite, en indiquant le droit que vous souhaitez exercer et en joignant une copie de votre pi\u00e8ce d\u2019identit\u00e9, \u00e0 l\u2019adresse email suivante : <a href=\"mailto:reservas@elconventdemoncada.com\">reservas@elconventdemoncada.com<\/a>, ou \u00e0 l\u2019adresse postale de l\u2019entreprise : Calle de Salvador Giner, 1, 46113 Montcada (Valencia).<\/p><p>Si vous avez moins de 14 ans, vos parents ou tuteurs l\u00e9gaux peuvent exercer ces droits en votre nom.<\/p><p>Si vous estimez que vos droits ont \u00e9t\u00e9 viol\u00e9s, vous pouvez d\u00e9poser une plainte aupr\u00e8s de l\u2019Agence Espagnole de Protection des Donn\u00e9es (AEPD) \u2013 <a href=\"http:\/\/www.aepd.es\">www.aepd.es<\/a>.<\/p><hr \/><h3><strong>Dur\u00e9e de conservation<\/strong><\/h3><p>Les donn\u00e9es r\u00e9sultant de l\u2019utilisation des cookies seront conserv\u00e9es le temps n\u00e9cessaire pour atteindre la finalit\u00e9 pour laquelle elles ont \u00e9t\u00e9 collect\u00e9es, en respectant le principe de minimisation et les d\u00e9lais l\u00e9gaux applicables.<\/p><p>Pour plus d\u2019informations sur le traitement de vos donn\u00e9es, veuillez consulter notre Politique de Confidentialit\u00e9 disponible sur le site web.<\/p><p><strong>Mise \u00e0 jour le 20 novembre 2025<\/strong><\/p><hr \/>\t\t\t\t\t\t\t\t<\/div>\n\t\t\t\t<\/div>\n\t\t\t\t\t<\/div>\n\t\t<\/div>\n\t\t\t\t\t<\/div>\n\t\t<\/section>\n\t\t\t\t<\/div>\n\t\t","protected":false},"excerpt":{"rendered":"<p>Politique de cookies Politique de cookies Identification du Responsable du traitement \/ Fournisseur de services de la soci\u00e9t\u00e9 de l\u2019information Conform\u00e9ment \u00e0 l\u2019article 10 de la loi 34\/2002 du 11 juillet relative aux services de la soci\u00e9t\u00e9 de l\u2019information et au commerce \u00e9lectronique (LSSI-CE), les utilisateurs et les autorit\u00e9s comp\u00e9tentes sont express\u00e9ment, pr\u00e9cis\u00e9ment et sans [&hellip;]<\/p>\n","protected":false},"author":1,"featured_media":0,"parent":0,"menu_order":0,"comment_status":"closed","ping_status":"closed","template":"","meta":{"site-sidebar-layout":"no-sidebar","site-content-layout":"page-builder","ast-site-content-layout":"full-width-container","site-content-style":"default","site-sidebar-style":"default","ast-global-header-display":"","ast-banner-title-visibility":"disabled","ast-main-header-display":"","ast-hfb-above-header-display":"","ast-hfb-below-header-display":"","ast-hfb-mobile-header-display":"","site-post-title":"disabled","ast-breadcrumbs-content":"","ast-featured-img":"disabled","footer-sml-layout":"","ast-disable-related-posts":"","theme-transparent-header-meta":"","adv-header-id-meta":"","stick-header-meta":"","header-above-stick-meta":"","header-main-stick-meta":"","header-below-stick-meta":"","astra-migrate-meta-layouts":"default","ast-page-background-enabled":"default","ast-page-background-meta":{"desktop":{"background-color":"","background-image":"","background-repeat":"repeat","background-position":"center center","background-size":"auto","background-attachment":"scroll","background-type":"","background-media":"","overlay-type":"","overlay-color":"","overlay-opacity":"","overlay-gradient":""},"tablet":{"background-color":"","background-image":"","background-repeat":"repeat","background-position":"center center","background-size":"auto","background-attachment":"scroll","background-type":"","background-media":"","overlay-type":"","overlay-color":"","overlay-opacity":"","overlay-gradient":""},"mobile":{"background-color":"","background-image":"","background-repeat":"repeat","background-position":"center center","background-size":"auto","background-attachment":"scroll","background-type":"","background-media":"","overlay-type":"","overlay-color":"","overlay-opacity":"","overlay-gradient":""}},"ast-content-background-meta":{"desktop":{"background-color":"var(--ast-global-color-5)","background-image":"","background-repeat":"repeat","background-position":"center center","background-size":"auto","background-attachment":"scroll","background-type":"","background-media":"","overlay-type":"","overlay-color":"","overlay-opacity":"","overlay-gradient":""},"tablet":{"background-color":"var(--ast-global-color-5)","background-image":"","background-repeat":"repeat","background-position":"center center","background-size":"auto","background-attachment":"scroll","background-type":"","background-media":"","overlay-type":"","overlay-color":"","overlay-opacity":"","overlay-gradient":""},"mobile":{"background-color":"var(--ast-global-color-5)","background-image":"","background-repeat":"repeat","background-position":"center center","background-size":"auto","background-attachment":"scroll","background-type":"","background-media":"","overlay-type":"","overlay-color":"","overlay-opacity":"","overlay-gradient":""}},"footnotes":""},"class_list":["post-2920","page","type-page","status-publish","hentry"],"_links":{"self":[{"href":"https:\/\/www.elconventdemoncada.com\/fr\/wp-json\/wp\/v2\/pages\/2920","targetHints":{"allow":["GET"]}}],"collection":[{"href":"https:\/\/www.elconventdemoncada.com\/fr\/wp-json\/wp\/v2\/pages"}],"about":[{"href":"https:\/\/www.elconventdemoncada.com\/fr\/wp-json\/wp\/v2\/types\/page"}],"author":[{"embeddable":true,"href":"https:\/\/www.elconventdemoncada.com\/fr\/wp-json\/wp\/v2\/users\/1"}],"replies":[{"embeddable":true,"href":"https:\/\/www.elconventdemoncada.com\/fr\/wp-json\/wp\/v2\/comments?post=2920"}],"version-history":[{"count":0,"href":"https:\/\/www.elconventdemoncada.com\/fr\/wp-json\/wp\/v2\/pages\/2920\/revisions"}],"wp:attachment":[{"href":"https:\/\/www.elconventdemoncada.com\/fr\/wp-json\/wp\/v2\/media?parent=2920"}],"curies":[{"name":"wp","href":"https:\/\/api.w.org\/{rel}","templated":true}]}}