{"id":2908,"date":"2025-07-04T12:32:49","date_gmt":"2025-07-04T10:32:49","guid":{"rendered":"https:\/\/www.wishingwell.es\/convent2\/mentions-legales\/"},"modified":"2025-12-11T18:34:05","modified_gmt":"2025-12-11T17:34:05","slug":"mentions-legales","status":"publish","type":"page","link":"https:\/\/www.elconventdemoncada.com\/fr\/mentions-legales\/","title":{"rendered":"Mentions l\u00e9gales"},"content":{"rendered":"\t\t<div data-elementor-type=\"wp-page\" data-elementor-id=\"2908\" class=\"elementor elementor-2908 elementor-2\">\n\t\t\t\t\t\t<section class=\"elementor-section elementor-top-section elementor-element elementor-element-3593e72 elementor-section-stretched elementor-section-boxed elementor-section-height-default elementor-section-height-default\" data-id=\"3593e72\" data-element_type=\"section\" data-e-type=\"section\" data-settings=\"{&quot;stretch_section&quot;:&quot;section-stretched&quot;,&quot;background_background&quot;:&quot;classic&quot;}\">\n\t\t\t\t\t\t<div class=\"elementor-container elementor-column-gap-default\">\n\t\t\t\t\t<div class=\"elementor-column elementor-col-100 elementor-top-column elementor-element elementor-element-ffc1aa0\" data-id=\"ffc1aa0\" data-element_type=\"column\" data-e-type=\"column\">\n\t\t\t<div class=\"elementor-widget-wrap elementor-element-populated\">\n\t\t\t\t\t\t<div class=\"elementor-element elementor-element-37d1741 elementor-widget__width-auto elementor-widget elementor-widget-heading\" data-id=\"37d1741\" data-element_type=\"widget\" data-e-type=\"widget\" data-widget_type=\"heading.default\">\n\t\t\t\t<div class=\"elementor-widget-container\">\n\t\t\t\t\t<h2 class=\"elementor-heading-title elementor-size-default\">Mentions l\u00e9gales<\/h2>\t\t\t\t<\/div>\n\t\t\t\t<\/div>\n\t\t\t\t\t<\/div>\n\t\t<\/div>\n\t\t\t\t\t<\/div>\n\t\t<\/section>\n\t\t\t\t<section class=\"elementor-section elementor-top-section elementor-element elementor-element-46c2e24 elementor-section-boxed elementor-section-height-default elementor-section-height-default\" data-id=\"46c2e24\" data-element_type=\"section\" data-e-type=\"section\">\n\t\t\t\t\t\t<div class=\"elementor-container elementor-column-gap-default\">\n\t\t\t\t\t<div class=\"elementor-column elementor-col-100 elementor-top-column elementor-element elementor-element-fb607bc\" data-id=\"fb607bc\" data-element_type=\"column\" data-e-type=\"column\">\n\t\t\t<div class=\"elementor-widget-wrap elementor-element-populated\">\n\t\t\t\t\t\t<div class=\"elementor-element elementor-element-82ea433 texto_privacidad elementor-widget elementor-widget-text-editor\" data-id=\"82ea433\" data-element_type=\"widget\" data-e-type=\"widget\" data-widget_type=\"text-editor.default\">\n\t\t\t\t<div class=\"elementor-widget-container\">\n\t\t\t\t\t\t\t\t\t<h3><strong>MENTIONS L\u00c9GALES<\/strong><\/h3>\n<p><strong>EL CONVENT DE MONCADA \u2013 SCHOLA HOSTEL, S.L.<\/strong>, avec le C.I.F. <strong>B98629751<\/strong>, est une entit\u00e9 \u00e0 caract\u00e8re lucratif, inscrite au <strong>Registre du Commerce de Valence<\/strong>, au <strong>Tome 9786, Livre 7068, Feuillet 30, Section 8, Feuille V-159241, Inscription 1 (22.04.14)<\/strong>, dont l\u2019activit\u00e9 principale est la gestion d\u2019h\u00e9bergements touristiques et de services associ\u00e9s.<br>EL CONVENT DE MONCADA \u2013 SCHOLA HOSTEL, S.L. est titulaire du site web <strong><a href=\"https:\/\/www.elconventdemoncada.com\">https:\/\/www.elconventdemoncada.com<\/a><\/strong> et responsable des fichiers g\u00e9n\u00e9r\u00e9s avec les donn\u00e9es personnelles fournies par les utilisateurs via ce site.<br>Son si\u00e8ge social est situ\u00e9 \u00e0 <strong>Calle de Salvador Giner, 1, 46113 Montcada \u2013 Valencia (Espagne)<\/strong>.<\/p>\n<p>Le pr\u00e9sent <strong>Avis L\u00e9gal<\/strong> r\u00e9git l\u2019acc\u00e8s, l\u2019utilisation et la relation entre ce Portail \u2014 accessible depuis <a><strong>www.elconventdemoncada.com<\/strong><\/a> \u2014 et les utilisateurs qui le consultent.<br>La <strong>Politique de Confidentialit\u00e9<\/strong> d\u00e9crite ci-dessous s\u2019applique \u00e0 tous les services pr\u00e9sents sur ce site, ainsi qu\u2019\u00e0 ceux qui pourraient \u00eatre incorpor\u00e9s \u00e0 l\u2019avenir.<\/p>\n<p>Afin de garantir votre droit \u00e0 la protection des donn\u00e9es personnelles, il est n\u00e9cessaire que vous acceptiez les termes de cette politique avant de nous transmettre toute information.<br>L\u2019utilisateur est r\u00e9put\u00e9 accepter les conditions en cliquant sur le bouton <strong>\u00ab ENVOYER \u00bb<\/strong> pr\u00e9sent dans les formulaires de contact ou de r\u00e9servation.<\/p>\n<hr>\n<h3><strong>POLITIQUE DE PROTECTION DES DONN\u00c9ES PERSONNELLES<\/strong><\/h3>\n<p>Conform\u00e9ment \u00e0 la r\u00e9glementation en vigueur relative \u00e0 la Protection des Donn\u00e9es, nous vous informons que vos donn\u00e9es seront int\u00e9gr\u00e9es au syst\u00e8me de traitement appartenant \u00e0 <strong>EL CONVENT DE MONCADA \u2013 SCHOLA HOSTEL, S.L.<\/strong>, avec le CIF <strong>B98629751<\/strong> et si\u00e8ge social \u00e0 <strong>Calle de Salvador Giner, 1, 46113 Montcada \u2013 Valencia<\/strong>, dans le but de r\u00e9pondre \u00e0 vos demandes et de vous envoyer des informations susceptibles de vous int\u00e9resser. Parmi celles-ci :<\/p>\n<ul>\n<li>Gestion des demandes d\u2019information envoy\u00e9es par email ou via des formulaires web.<\/li>\n<li>Envoi d\u2019informations relatives aux services propos\u00e9s par EL CONVENT DE MONCADA \u2013 SCHOLA HOSTEL, S.L.<\/li>\n<li>Envoi de publicit\u00e9 ou d\u2019informations promotionnelles par voie \u00e9lectronique, pour lesquelles l\u2019utilisateur donne un consentement explicite et non \u00e9quivoque, y compris le transfert de donn\u00e9es \u00e0 un prestataire de services d\u2019email marketing.<\/li>\n<li>Envoi de communications concernant tout aspect entrepreneurial, commercial, social ou activit\u00e9s organis\u00e9es par l\u2019entreprise.<\/li>\n<li>R\u00e9alisation d\u2019enqu\u00eates et d\u2019\u00e9tudes statistiques.<\/li>\n<\/ul>\n<p>EL CONVENT DE MONCADA \u2013 SCHOLA HOSTEL, S.L. conservera les donn\u00e9es uniquement pendant la dur\u00e9e strictement n\u00e9cessaire \u00e0 la r\u00e9alisation des finalit\u00e9s d\u00e9crites ci-dessus.<br>Sauf indication contraire de votre part, nous consid\u00e9rerons que vos donn\u00e9es n\u2019ont pas \u00e9t\u00e9 modifi\u00e9es et que vous nous autorisez \u00e0 les utiliser conform\u00e9ment aux fins mentionn\u00e9es.<\/p>\n<p>L\u2019entreprise s\u2019engage \u00e0 traiter vos donn\u00e9es de mani\u00e8re <strong>licite, loyale, transparente, ad\u00e9quate, pertinente, limit\u00e9e, exacte et mise \u00e0 jour<\/strong>, en adoptant toutes les mesures raisonnables pour leur rectification ou suppression lorsque cela s\u2019av\u00e8re n\u00e9cessaire.<\/p>\n<p>Conform\u00e9ment \u00e0 la r\u00e9glementation en vigueur, vous pourrez exercer les droits suivants :<\/p>\n<ul>\n<li>Acc\u00e8s<\/li>\n<li>Rectification<\/li>\n<li>Limitation du traitement<\/li>\n<li>Suppression<\/li>\n<li>Portabilit\u00e9<\/li>\n<li>Opposition<\/li>\n<\/ul>\n<p>Ainsi que r\u00e9voquer le consentement donn\u00e9.<\/p>\n<p>Vous pouvez exercer ces droits par une demande \u00e9crite adress\u00e9e \u00e0 l\u2019adresse postale mentionn\u00e9e ci-dessus, ou par courrier \u00e9lectronique :<br>&nbsp;<strong><a href=\"mailto:reservas@elconventdemoncada.com\">reservas@elconventdemoncada.com<\/a><\/strong><\/p>\n<p>De plus, vous pouvez d\u00e9poser une r\u00e9clamation aupr\u00e8s de l\u2019<strong>Autorit\u00e9 de Contr\u00f4le comp\u00e9tente<\/strong>, l\u2019<strong>Agence Espagnole de Protection des Donn\u00e9es (AEPD)<\/strong>.<\/p>\n<hr>\n<h3><strong>DONN\u00c9ES RECUEILLIES VIA LES FORMULAIRES DU SITE<\/strong><\/h3>\n<p>Toutes les donn\u00e9es marqu\u00e9es comme obligatoires doivent \u00eatre compl\u00e9t\u00e9es afin de pouvoir g\u00e9rer correctement votre demande ou requ\u00eate.<br>Les donn\u00e9es personnelles fournies sont confidentielles et ne seront partag\u00e9es avec des tiers que lorsque leur gestion le n\u00e9cessite, avec demande d\u2019autorisation expresse.<\/p>\n<p>L\u2019utilisateur garantit la v\u00e9racit\u00e9 des donn\u00e9es fournies.<br>EL CONVENT DE MONCADA \u2013 SCHOLA HOSTEL, S.L. se r\u00e9serve le droit d\u2019exclure des services les utilisateurs ayant fourni de fausses informations.<\/p>\n<hr>\n<h3><strong>CESSION DE DONN\u00c9ES \u00c0 DES ENTREPRISES PARTENAIRES<\/strong><\/h3>\n<p>L\u2019utilisateur accepte que ses donn\u00e9es puissent \u00eatre c\u00e9d\u00e9es \u2014 exclusivement pour les finalit\u00e9s indiqu\u00e9es \u2014 aux entreprises partenaires avec lesquelles EL CONVENT DE MONCADA \u2013 SCHOLA HOSTEL, S.L. maintient des accords.<br>Cette cession pourra \u00eatre r\u00e9voqu\u00e9e \u00e0 tout moment conform\u00e9ment \u00e0 la l\u00e9gislation en vigueur.<\/p>\n<p>Les donn\u00e9es seront trait\u00e9es de mani\u00e8re absolument confidentielle et ne seront pas partag\u00e9es avec des tiers pour des finalit\u00e9s autres que celles autoris\u00e9es.<\/p>\n<hr>\n<h3><strong>DROITS DES UTILISATEURS<\/strong><\/h3>\n<p>L\u2019utilisateur pourra exercer ses droits par \u00e9crit sign\u00e9 adress\u00e9 \u00e0 :<br><strong>EL CONVENT DE MONCADA \u2013 SCHOLA HOSTEL, S.L.<\/strong><br>Calle de Salvador Giner, 1<br>46113 Montcada \u2013 Valencia<br>En joignant une copie de sa pi\u00e8ce d&rsquo;identit\u00e9.<\/p>\n<hr>\n<h3><strong>NAVIGATION AVEC COOKIES<\/strong><\/h3>\n<p>Le site web <strong><a href=\"http:\/\/www.elconventdemoncada.com\">www.elconventdemoncada.com<\/a><\/strong> utilise des cookies, de petits fichiers de donn\u00e9es qui permettent de :<\/p>\n<ul>\n<li>Conna\u00eetre la fr\u00e9quence des visites et les pr\u00e9f\u00e9rences de l\u2019utilisateur<\/li>\n<li>Analyser les contenus les plus consult\u00e9s<\/li>\n<li>G\u00e9rer des acc\u00e8s s\u00e9curis\u00e9s<\/li>\n<li>Afficher de la publicit\u00e9 adapt\u00e9e, en utilisant des cookies propres ou tiers<\/li>\n<\/ul>\n<p>L\u2019utilisateur accepte l\u2019utilisation des cookies en naviguant sur le site, tout en pouvant configurer son navigateur pour emp\u00eacher leur installation.<\/p>\n<hr>\n<h3><strong>RESPONSABILIT\u00c9S<\/strong><\/h3>\n<p>EL CONVENT DE MONCADA \u2013 SCHOLA HOSTEL, S.L. n\u2019assume aucune responsabilit\u00e9 quant \u00e0 l\u2019usage incorrect des informations publi\u00e9es sur son site.<br>Il ne garantit pas non plus l\u2019exactitude ou la mise \u00e0 jour des donn\u00e9es publi\u00e9es.<\/p>\n<p>Les liens pr\u00e9sents sur le site ont pour seul objectif d\u2019informer l\u2019utilisateur sur d\u2019autres sources li\u00e9es.<br>L\u2019entreprise n\u2019est pas responsable du r\u00e9sultat obtenu \u00e0 travers ces liens.<\/p>\n<hr>\t\t\t\t\t\t\t\t<\/div>\n\t\t\t\t<\/div>\n\t\t\t\t\t<\/div>\n\t\t<\/div>\n\t\t\t\t\t<\/div>\n\t\t<\/section>\n\t\t\t\t<\/div>\n\t\t","protected":false},"excerpt":{"rendered":"<p>Mentions l\u00e9gales MENTIONS L\u00c9GALES EL CONVENT DE MONCADA \u2013 SCHOLA HOSTEL, S.L., avec le C.I.F. B98629751, est une entit\u00e9 \u00e0 caract\u00e8re lucratif, inscrite au Registre du Commerce de Valence, au Tome 9786, Livre 7068, Feuillet 30, Section 8, Feuille V-159241, Inscription 1 (22.04.14), dont l\u2019activit\u00e9 principale est la gestion d\u2019h\u00e9bergements touristiques et de services associ\u00e9s.EL [&hellip;]<\/p>\n","protected":false},"author":1,"featured_media":0,"parent":0,"menu_order":0,"comment_status":"closed","ping_status":"closed","template":"","meta":{"site-sidebar-layout":"no-sidebar","site-content-layout":"page-builder","ast-site-content-layout":"full-width-container","site-content-style":"default","site-sidebar-style":"default","ast-global-header-display":"","ast-banner-title-visibility":"disabled","ast-main-header-display":"","ast-hfb-above-header-display":"","ast-hfb-below-header-display":"","ast-hfb-mobile-header-display":"","site-post-title":"","ast-breadcrumbs-content":"","ast-featured-img":"disabled","footer-sml-layout":"","ast-disable-related-posts":"","theme-transparent-header-meta":"","adv-header-id-meta":"","stick-header-meta":"","header-above-stick-meta":"","header-main-stick-meta":"","header-below-stick-meta":"","astra-migrate-meta-layouts":"default","ast-page-background-enabled":"default","ast-page-background-meta":{"desktop":{"background-color":"","background-image":"","background-repeat":"repeat","background-position":"center center","background-size":"auto","background-attachment":"scroll","background-type":"","background-media":"","overlay-type":"","overlay-color":"","overlay-opacity":"","overlay-gradient":""},"tablet":{"background-color":"","background-image":"","background-repeat":"repeat","background-position":"center center","background-size":"auto","background-attachment":"scroll","background-type":"","background-media":"","overlay-type":"","overlay-color":"","overlay-opacity":"","overlay-gradient":""},"mobile":{"background-color":"","background-image":"","background-repeat":"repeat","background-position":"center center","background-size":"auto","background-attachment":"scroll","background-type":"","background-media":"","overlay-type":"","overlay-color":"","overlay-opacity":"","overlay-gradient":""}},"ast-content-background-meta":{"desktop":{"background-color":"var(--ast-global-color-5)","background-image":"","background-repeat":"repeat","background-position":"center center","background-size":"auto","background-attachment":"scroll","background-type":"","background-media":"","overlay-type":"","overlay-color":"","overlay-opacity":"","overlay-gradient":""},"tablet":{"background-color":"var(--ast-global-color-5)","background-image":"","background-repeat":"repeat","background-position":"center center","background-size":"auto","background-attachment":"scroll","background-type":"","background-media":"","overlay-type":"","overlay-color":"","overlay-opacity":"","overlay-gradient":""},"mobile":{"background-color":"var(--ast-global-color-5)","background-image":"","background-repeat":"repeat","background-position":"center center","background-size":"auto","background-attachment":"scroll","background-type":"","background-media":"","overlay-type":"","overlay-color":"","overlay-opacity":"","overlay-gradient":""}},"footnotes":""},"class_list":["post-2908","page","type-page","status-publish","hentry"],"_links":{"self":[{"href":"https:\/\/www.elconventdemoncada.com\/fr\/wp-json\/wp\/v2\/pages\/2908","targetHints":{"allow":["GET"]}}],"collection":[{"href":"https:\/\/www.elconventdemoncada.com\/fr\/wp-json\/wp\/v2\/pages"}],"about":[{"href":"https:\/\/www.elconventdemoncada.com\/fr\/wp-json\/wp\/v2\/types\/page"}],"author":[{"embeddable":true,"href":"https:\/\/www.elconventdemoncada.com\/fr\/wp-json\/wp\/v2\/users\/1"}],"replies":[{"embeddable":true,"href":"https:\/\/www.elconventdemoncada.com\/fr\/wp-json\/wp\/v2\/comments?post=2908"}],"version-history":[{"count":0,"href":"https:\/\/www.elconventdemoncada.com\/fr\/wp-json\/wp\/v2\/pages\/2908\/revisions"}],"wp:attachment":[{"href":"https:\/\/www.elconventdemoncada.com\/fr\/wp-json\/wp\/v2\/media?parent=2908"}],"curies":[{"name":"wp","href":"https:\/\/api.w.org\/{rel}","templated":true}]}}