{"id":2893,"date":"2025-11-19T10:04:31","date_gmt":"2025-11-19T09:04:31","guid":{"rendered":"https:\/\/www.wishingwell.es\/convent2\/actividades-el-convent-de-moncada\/"},"modified":"2025-12-11T14:19:05","modified_gmt":"2025-12-11T13:19:05","slug":"activites","status":"publish","type":"page","link":"https:\/\/www.elconventdemoncada.com\/fr\/activites\/","title":{"rendered":"Activit\u00e9s"},"content":{"rendered":"\t\t<div data-elementor-type=\"wp-page\" data-elementor-id=\"2893\" class=\"elementor elementor-2893 elementor-1796\">\n\t\t\t\t\t\t<section class=\"elementor-section elementor-top-section elementor-element elementor-element-9502db1 elementor-section-stretched elementor-section-boxed elementor-section-height-default elementor-section-height-default\" data-id=\"9502db1\" data-element_type=\"section\" data-e-type=\"section\" data-settings=\"{&quot;stretch_section&quot;:&quot;section-stretched&quot;,&quot;background_background&quot;:&quot;classic&quot;}\">\n\t\t\t\t\t\t<div class=\"elementor-container elementor-column-gap-default\">\n\t\t\t\t\t<div class=\"elementor-column elementor-col-100 elementor-top-column elementor-element elementor-element-390c38b\" data-id=\"390c38b\" data-element_type=\"column\" data-e-type=\"column\">\n\t\t\t<div class=\"elementor-widget-wrap elementor-element-populated\">\n\t\t\t\t\t\t<div class=\"elementor-element elementor-element-ec2f700 elementor-widget__width-auto elementor-widget elementor-widget-heading\" data-id=\"ec2f700\" data-element_type=\"widget\" data-e-type=\"widget\" data-widget_type=\"heading.default\">\n\t\t\t\t<div class=\"elementor-widget-container\">\n\t\t\t\t\t<h2 class=\"elementor-heading-title elementor-size-default\">Activit\u00e9s<\/h2>\t\t\t\t<\/div>\n\t\t\t\t<\/div>\n\t\t\t\t\t<\/div>\n\t\t<\/div>\n\t\t\t\t\t<\/div>\n\t\t<\/section>\n\t\t\t\t<section class=\"elementor-section elementor-top-section elementor-element elementor-element-483f472 elementor-section-boxed elementor-section-height-default elementor-section-height-default\" data-id=\"483f472\" data-element_type=\"section\" data-e-type=\"section\">\n\t\t\t\t\t\t<div class=\"elementor-container elementor-column-gap-default\">\n\t\t\t\t\t<div class=\"elementor-column elementor-col-100 elementor-top-column elementor-element elementor-element-0ecb189\" data-id=\"0ecb189\" data-element_type=\"column\" data-e-type=\"column\">\n\t\t\t<div class=\"elementor-widget-wrap elementor-element-populated\">\n\t\t\t\t\t\t<div class=\"elementor-element elementor-element-fd8d55b elementor-widget elementor-widget-text-editor\" data-id=\"fd8d55b\" data-element_type=\"widget\" data-e-type=\"widget\" data-widget_type=\"text-editor.default\">\n\t\t\t\t<div class=\"elementor-widget-container\">\n\t\t\t\t\t\t\t\t\t<div class=\"texto\">\n<p>Moncada, situ\u00e9e dans la r\u00e9gion de l\u2019Horta Nord, est une belle ville valencienne dot\u00e9e d\u2019un riche patrimoine architectural et d\u2019une histoire fascinante. Si vous pr\u00e9voyez de la visiter, voici quelques recommandations sur ce qu\u2019il faut voir :<\/p>\n<ol>\n<li><strong>Palais des Comtes de R\u00f3tova<\/strong> : Une demeure seigneuriale du XVIIIe si\u00e8cle qui abrite actuellement la mairie. On y remarque ses cr\u00e9neaux et un monumental escalier avec une colonne en pierre.<\/li>\n<li><strong>Mus\u00e9e Arch\u00e9ologique Municipal<\/strong> : Ancien si\u00e8ge de la mairie, il est devenu mus\u00e9e en 1999. Il offre des informations sur la soci\u00e9t\u00e9 andalouse dans l\u2019environnement de Balansiya (Valencia).<\/li>\n<li><strong>Ancien March\u00e9<\/strong> : B\u00e2timent civil de style contemporain construit au d\u00e9but du XXe si\u00e8cle pour le commerce et l\u2019approvisionnement de la population.<\/li>\n<li><strong>\u00c9glise Paroissiale de Saint-Jacques<\/strong> : Construite au XVIIe si\u00e8cle, elle se distingue par ses cinq arcs en plein cintre et ses chapelles lat\u00e9rales.<\/li>\n<li><strong>Ermitage de Sainte-Barbe<\/strong> : \u00c9difi\u00e9 \u00e0 l\u2019endroit m\u00eame o\u00f9 l\u2019on attribue un miracle \u00e0 la sainte. Il pr\u00e9sente un plan en croix latine.<\/li>\n<\/ol>\n<div><img fetchpriority=\"high\" decoding=\"async\" class=\"wp-image-1604 size-full aligncenter\" src=\"https:\/\/www.elconventdemoncada.com\/wp-content\/uploads\/2025\/11\/home-2.jpg\" alt=\"\" width=\"840\" height=\"709\" srcset=\"https:\/\/www.elconventdemoncada.com\/wp-content\/uploads\/2025\/11\/home-2.jpg 840w, https:\/\/www.elconventdemoncada.com\/wp-content\/uploads\/2025\/11\/home-2-300x253.jpg 300w, https:\/\/www.elconventdemoncada.com\/wp-content\/uploads\/2025\/11\/home-2-768x648.jpg 768w\" sizes=\"(max-width: 840px) 100vw, 840px\" \/><\/div>\n<p><br><br>Pour vous rendre de El Convent de Moncada \u00e0 Valence, vous pouvez utiliser le m\u00e9tro (ligne 1) qui vous y conduira en environ 18 minutes. Vous pouvez \u00e9galement opter pour le bus, la voiture ou le taxi. Voici quelques suggestions de visites \u00e0 Valence :<\/p>\n<ol>\n<li><strong>Visiter le Balcon de l\u2019H\u00f4tel de Ville<\/strong> : D\u2019ici, vous profiterez d\u2019une vue imprenable sur la Place de l\u2019H\u00f4tel de Ville et ses environs.<\/li>\n<li><strong>Explorer la Cit\u00e9 des Arts et des Sciences<\/strong> : Ce complexe architectural moderne abrite l\u2019Oceanogr\u00e0fic, l\u2019Hemisf\u00e8ric et le Mus\u00e9e des Sciences Prince Felipe.<\/li>\n<li><strong>Se promener dans le quartier du Carmen<\/strong> : Un labyrinthe de ruelles \u00e9troites avec des fresques, des boutiques, des bars et des restaurants.<\/li>\n<li><strong>D\u00e9guster la v\u00e9ritable paella valencienne<\/strong> : Impossible de repartir sans go\u00fbter ce plat traditionnel.<\/li>\n<li><strong>Parcourir le Jardin du Turia<\/strong> : L\u2019ancien lit de la rivi\u00e8re transform\u00e9 en un magnifique parc lin\u00e9aire.<\/li>\n<li><strong>Visiter la Loge de la Soie<\/strong> : Un impressionnant b\u00e2timent gothique qui servait autrefois de march\u00e9 de la soie.<\/li>\n<li><strong>Explorer le March\u00e9 Central<\/strong> : Un paradis pour les amateurs de gastronomie, rempli de produits frais et color\u00e9s.<\/li>\n<li><strong>Profiter de la plage de la Malvarrosa<\/strong> : D\u00e9tendez-vous sur le sable ou d\u00e9couvrez les restaurants en bord de mer.<\/li>\n<\/ol>\n<p>Nous vous indiquons \u00e9galement que la plage de la Malvarrosa se trouve \u00e0 seulement 13 kilom\u00e8tres et celle d\u2019Alboraya \u00e0 7 km de distance. Comme vous pouvez le voir, tout est \u00e0 deux pas de Moncada et de Valence. Si vous avez besoin de plus d\u2019informations ou de planifier des activit\u00e9s, vous pouvez visiter les offices de tourisme situ\u00e9s en diff\u00e9rents points de la ville.<\/p>\n<\/div>\t\t\t\t\t\t\t\t<\/div>\n\t\t\t\t<\/div>\n\t\t\t\t\t<\/div>\n\t\t<\/div>\n\t\t\t\t\t<\/div>\n\t\t<\/section>\n\t\t\t\t<section class=\"elementor-section elementor-top-section elementor-element elementor-element-53f1710 elementor-section-full_width elementor-section-height-default elementor-section-height-default\" data-id=\"53f1710\" data-element_type=\"section\" data-e-type=\"section\">\n\t\t\t\t\t\t<div class=\"elementor-container elementor-column-gap-default\">\n\t\t\t\t\t<div class=\"elementor-column elementor-col-100 elementor-top-column elementor-element elementor-element-326fe2b\" data-id=\"326fe2b\" data-element_type=\"column\" data-e-type=\"column\">\n\t\t\t<div class=\"elementor-widget-wrap elementor-element-populated\">\n\t\t\t\t\t\t<div class=\"elementor-element elementor-element-09b94ac elementor-widget elementor-widget-image-gallery\" data-id=\"09b94ac\" data-element_type=\"widget\" data-e-type=\"widget\" data-widget_type=\"image-gallery.default\">\n\t\t\t\t<div class=\"elementor-widget-container\">\n\t\t\t\t\t\t\t<div class=\"elementor-image-gallery\">\n\t\t\t<div id='gallery-1' class='gallery galleryid-2893 gallery-columns-4 gallery-size-full'><figure class='gallery-item'>\n\t\t\t<div class='gallery-icon landscape'>\n\t\t\t\t<a data-elementor-open-lightbox=\"yes\" data-elementor-lightbox-slideshow=\"09b94ac\" data-elementor-lightbox-title=\"Ciudad de las Artes y las Ciencias\" data-e-action-hash=\"#elementor-action%3Aaction%3Dlightbox%26settings%3DeyJpZCI6Mjg4NSwidXJsIjoiaHR0cHM6XC9cL3d3dy5lbGNvbnZlbnRkZW1vbmNhZGEuY29tXC93cC1jb250ZW50XC91cGxvYWRzXC8yMDI1XC8xMVwvYWN0aXZpZGFkZXMyLmpwZyIsInNsaWRlc2hvdyI6IjA5Yjk0YWMifQ%3D%3D\" href='https:\/\/www.elconventdemoncada.com\/wp-content\/uploads\/2025\/11\/actividades2.jpg'><img decoding=\"async\" width=\"981\" height=\"736\" src=\"https:\/\/www.elconventdemoncada.com\/wp-content\/uploads\/2025\/11\/actividades2.jpg\" class=\"attachment-full size-full\" alt=\"\" srcset=\"https:\/\/www.elconventdemoncada.com\/wp-content\/uploads\/2025\/11\/actividades2.jpg 981w, https:\/\/www.elconventdemoncada.com\/wp-content\/uploads\/2025\/11\/actividades2-300x225.jpg 300w, https:\/\/www.elconventdemoncada.com\/wp-content\/uploads\/2025\/11\/actividades2-768x576.jpg 768w\" sizes=\"(max-width: 981px) 100vw, 981px\" \/><\/a>\n\t\t\t<\/div><\/figure><figure class='gallery-item'>\n\t\t\t<div class='gallery-icon landscape'>\n\t\t\t\t<a data-elementor-open-lightbox=\"yes\" data-elementor-lightbox-slideshow=\"09b94ac\" data-elementor-lightbox-title=\"Ciudad de las Artes y las Ciencias\" data-e-action-hash=\"#elementor-action%3Aaction%3Dlightbox%26settings%3DeyJpZCI6Mjg4NiwidXJsIjoiaHR0cHM6XC9cL3d3dy5lbGNvbnZlbnRkZW1vbmNhZGEuY29tXC93cC1jb250ZW50XC91cGxvYWRzXC8yMDI1XC8xMVwvYWN0aXZpZGFkZXMzLmpwZyIsInNsaWRlc2hvdyI6IjA5Yjk0YWMifQ%3D%3D\" href='https:\/\/www.elconventdemoncada.com\/wp-content\/uploads\/2025\/11\/actividades3.jpg'><img decoding=\"async\" width=\"981\" height=\"736\" src=\"https:\/\/www.elconventdemoncada.com\/wp-content\/uploads\/2025\/11\/actividades3.jpg\" class=\"attachment-full size-full\" alt=\"\" srcset=\"https:\/\/www.elconventdemoncada.com\/wp-content\/uploads\/2025\/11\/actividades3.jpg 981w, https:\/\/www.elconventdemoncada.com\/wp-content\/uploads\/2025\/11\/actividades3-300x225.jpg 300w, https:\/\/www.elconventdemoncada.com\/wp-content\/uploads\/2025\/11\/actividades3-768x576.jpg 768w\" sizes=\"(max-width: 981px) 100vw, 981px\" \/><\/a>\n\t\t\t<\/div><\/figure><figure class='gallery-item'>\n\t\t\t<div class='gallery-icon landscape'>\n\t\t\t\t<a data-elementor-open-lightbox=\"yes\" data-elementor-lightbox-slideshow=\"09b94ac\" data-elementor-lightbox-title=\"Ciudad de las Artes y las Ciencias\" data-e-action-hash=\"#elementor-action%3Aaction%3Dlightbox%26settings%3DeyJpZCI6Mjg4NywidXJsIjoiaHR0cHM6XC9cL3d3dy5lbGNvbnZlbnRkZW1vbmNhZGEuY29tXC93cC1jb250ZW50XC91cGxvYWRzXC8yMDI1XC8xMVwvYWN0aXZpZGFkZXMtMzQuanBnIiwic2xpZGVzaG93IjoiMDliOTRhYyJ9\" href='https:\/\/www.elconventdemoncada.com\/wp-content\/uploads\/2025\/11\/actividades-34.jpg'><img loading=\"lazy\" decoding=\"async\" width=\"981\" height=\"736\" src=\"https:\/\/www.elconventdemoncada.com\/wp-content\/uploads\/2025\/11\/actividades-34.jpg\" class=\"attachment-full size-full\" alt=\"\" srcset=\"https:\/\/www.elconventdemoncada.com\/wp-content\/uploads\/2025\/11\/actividades-34.jpg 981w, https:\/\/www.elconventdemoncada.com\/wp-content\/uploads\/2025\/11\/actividades-34-600x450.jpg 600w, https:\/\/www.elconventdemoncada.com\/wp-content\/uploads\/2025\/11\/actividades-34-300x225.jpg 300w, https:\/\/www.elconventdemoncada.com\/wp-content\/uploads\/2025\/11\/actividades-34-768x576.jpg 768w\" sizes=\"(max-width: 981px) 100vw, 981px\" \/><\/a>\n\t\t\t<\/div><\/figure><figure class='gallery-item'>\n\t\t\t<div class='gallery-icon landscape'>\n\t\t\t\t<a data-elementor-open-lightbox=\"yes\" data-elementor-lightbox-slideshow=\"09b94ac\" data-elementor-lightbox-title=\"Playa de la Malvarrosa\" data-e-action-hash=\"#elementor-action%3Aaction%3Dlightbox%26settings%3DeyJpZCI6Mjg4OCwidXJsIjoiaHR0cHM6XC9cL3d3dy5lbGNvbnZlbnRkZW1vbmNhZGEuY29tXC93cC1jb250ZW50XC91cGxvYWRzXC8yMDI1XC8xMVwvYWN0aXZpZGFkZXM0LmpwZyIsInNsaWRlc2hvdyI6IjA5Yjk0YWMifQ%3D%3D\" href='https:\/\/www.elconventdemoncada.com\/wp-content\/uploads\/2025\/11\/actividades4.jpg'><img loading=\"lazy\" decoding=\"async\" width=\"981\" height=\"736\" src=\"https:\/\/www.elconventdemoncada.com\/wp-content\/uploads\/2025\/11\/actividades4.jpg\" class=\"attachment-full size-full\" alt=\"\" srcset=\"https:\/\/www.elconventdemoncada.com\/wp-content\/uploads\/2025\/11\/actividades4.jpg 981w, https:\/\/www.elconventdemoncada.com\/wp-content\/uploads\/2025\/11\/actividades4-600x450.jpg 600w, https:\/\/www.elconventdemoncada.com\/wp-content\/uploads\/2025\/11\/actividades4-300x225.jpg 300w, https:\/\/www.elconventdemoncada.com\/wp-content\/uploads\/2025\/11\/actividades4-768x576.jpg 768w\" sizes=\"(max-width: 981px) 100vw, 981px\" \/><\/a>\n\t\t\t<\/div><\/figure><figure class='gallery-item'>\n\t\t\t<div class='gallery-icon landscape'>\n\t\t\t\t<a data-elementor-open-lightbox=\"yes\" data-elementor-lightbox-slideshow=\"09b94ac\" data-elementor-lightbox-title=\"Playa de la Malvarrosa\" data-e-action-hash=\"#elementor-action%3Aaction%3Dlightbox%26settings%3DeyJpZCI6Mjg4OSwidXJsIjoiaHR0cHM6XC9cL3d3dy5lbGNvbnZlbnRkZW1vbmNhZGEuY29tXC93cC1jb250ZW50XC91cGxvYWRzXC8yMDI1XC8xMVwvYWN0aXZpZGFkZXM1LmpwZyIsInNsaWRlc2hvdyI6IjA5Yjk0YWMifQ%3D%3D\" href='https:\/\/www.elconventdemoncada.com\/wp-content\/uploads\/2025\/11\/actividades5.jpg'><img loading=\"lazy\" decoding=\"async\" width=\"981\" height=\"736\" src=\"https:\/\/www.elconventdemoncada.com\/wp-content\/uploads\/2025\/11\/actividades5.jpg\" class=\"attachment-full size-full\" alt=\"\" srcset=\"https:\/\/www.elconventdemoncada.com\/wp-content\/uploads\/2025\/11\/actividades5.jpg 981w, https:\/\/www.elconventdemoncada.com\/wp-content\/uploads\/2025\/11\/actividades5-600x450.jpg 600w, https:\/\/www.elconventdemoncada.com\/wp-content\/uploads\/2025\/11\/actividades5-300x225.jpg 300w, https:\/\/www.elconventdemoncada.com\/wp-content\/uploads\/2025\/11\/actividades5-768x576.jpg 768w\" sizes=\"(max-width: 981px) 100vw, 981px\" \/><\/a>\n\t\t\t<\/div><\/figure><figure class='gallery-item'>\n\t\t\t<div class='gallery-icon landscape'>\n\t\t\t\t<a data-elementor-open-lightbox=\"yes\" data-elementor-lightbox-slideshow=\"09b94ac\" data-elementor-lightbox-title=\"Playa de la Malvarrosa\" data-e-action-hash=\"#elementor-action%3Aaction%3Dlightbox%26settings%3DeyJpZCI6Mjg5MCwidXJsIjoiaHR0cHM6XC9cL3d3dy5lbGNvbnZlbnRkZW1vbmNhZGEuY29tXC93cC1jb250ZW50XC91cGxvYWRzXC8yMDI1XC8xMVwvYWN0aXZpZGFkZXM2LmpwZyIsInNsaWRlc2hvdyI6IjA5Yjk0YWMifQ%3D%3D\" href='https:\/\/www.elconventdemoncada.com\/wp-content\/uploads\/2025\/11\/actividades6.jpg'><img loading=\"lazy\" decoding=\"async\" width=\"981\" height=\"736\" src=\"https:\/\/www.elconventdemoncada.com\/wp-content\/uploads\/2025\/11\/actividades6.jpg\" class=\"attachment-full size-full\" alt=\"\" srcset=\"https:\/\/www.elconventdemoncada.com\/wp-content\/uploads\/2025\/11\/actividades6.jpg 981w, https:\/\/www.elconventdemoncada.com\/wp-content\/uploads\/2025\/11\/actividades6-600x450.jpg 600w, https:\/\/www.elconventdemoncada.com\/wp-content\/uploads\/2025\/11\/actividades6-300x225.jpg 300w, https:\/\/www.elconventdemoncada.com\/wp-content\/uploads\/2025\/11\/actividades6-768x576.jpg 768w\" sizes=\"(max-width: 981px) 100vw, 981px\" \/><\/a>\n\t\t\t<\/div><\/figure><figure class='gallery-item'>\n\t\t\t<div class='gallery-icon landscape'>\n\t\t\t\t<a data-elementor-open-lightbox=\"yes\" data-elementor-lightbox-slideshow=\"09b94ac\" data-elementor-lightbox-title=\"Bioparc Valencia\" data-e-action-hash=\"#elementor-action%3Aaction%3Dlightbox%26settings%3DeyJpZCI6Mjg5MSwidXJsIjoiaHR0cHM6XC9cL3d3dy5lbGNvbnZlbnRkZW1vbmNhZGEuY29tXC93cC1jb250ZW50XC91cGxvYWRzXC8yMDI1XC8xMVwvYWN0aXZpZGFkZXM3LmpwZyIsInNsaWRlc2hvdyI6IjA5Yjk0YWMifQ%3D%3D\" href='https:\/\/www.elconventdemoncada.com\/wp-content\/uploads\/2025\/11\/actividades7.jpg'><img loading=\"lazy\" decoding=\"async\" width=\"981\" height=\"736\" src=\"https:\/\/www.elconventdemoncada.com\/wp-content\/uploads\/2025\/11\/actividades7.jpg\" class=\"attachment-full size-full\" alt=\"\" srcset=\"https:\/\/www.elconventdemoncada.com\/wp-content\/uploads\/2025\/11\/actividades7.jpg 981w, https:\/\/www.elconventdemoncada.com\/wp-content\/uploads\/2025\/11\/actividades7-600x450.jpg 600w, https:\/\/www.elconventdemoncada.com\/wp-content\/uploads\/2025\/11\/actividades7-300x225.jpg 300w, https:\/\/www.elconventdemoncada.com\/wp-content\/uploads\/2025\/11\/actividades7-768x576.jpg 768w\" sizes=\"(max-width: 981px) 100vw, 981px\" \/><\/a>\n\t\t\t<\/div><\/figure><figure class='gallery-item'>\n\t\t\t<div class='gallery-icon landscape'>\n\t\t\t\t<a data-elementor-open-lightbox=\"yes\" data-elementor-lightbox-slideshow=\"09b94ac\" data-elementor-lightbox-title=\"Bioparc Valencia\" data-e-action-hash=\"#elementor-action%3Aaction%3Dlightbox%26settings%3DeyJpZCI6Mjg5MiwidXJsIjoiaHR0cHM6XC9cL3d3dy5lbGNvbnZlbnRkZW1vbmNhZGEuY29tXC93cC1jb250ZW50XC91cGxvYWRzXC8yMDI1XC8xMVwvYWN0aXZpZGFkZXM4LmpwZyIsInNsaWRlc2hvdyI6IjA5Yjk0YWMifQ%3D%3D\" href='https:\/\/www.elconventdemoncada.com\/wp-content\/uploads\/2025\/11\/actividades8.jpg'><img loading=\"lazy\" decoding=\"async\" width=\"981\" height=\"736\" src=\"https:\/\/www.elconventdemoncada.com\/wp-content\/uploads\/2025\/11\/actividades8.jpg\" class=\"attachment-full size-full\" alt=\"\" srcset=\"https:\/\/www.elconventdemoncada.com\/wp-content\/uploads\/2025\/11\/actividades8.jpg 981w, https:\/\/www.elconventdemoncada.com\/wp-content\/uploads\/2025\/11\/actividades8-600x450.jpg 600w, https:\/\/www.elconventdemoncada.com\/wp-content\/uploads\/2025\/11\/actividades8-300x225.jpg 300w, https:\/\/www.elconventdemoncada.com\/wp-content\/uploads\/2025\/11\/actividades8-768x576.jpg 768w\" sizes=\"(max-width: 981px) 100vw, 981px\" \/><\/a>\n\t\t\t<\/div><\/figure>\n\t\t<\/div>\n\t\t<\/div>\n\t\t\t\t\t\t<\/div>\n\t\t\t\t<\/div>\n\t\t\t\t\t<\/div>\n\t\t<\/div>\n\t\t\t\t\t<\/div>\n\t\t<\/section>\n\t\t\t\t<\/div>\n\t\t","protected":false},"excerpt":{"rendered":"<p>Activit\u00e9s Moncada, situ\u00e9e dans la r\u00e9gion de l\u2019Horta Nord, est une belle ville valencienne dot\u00e9e d\u2019un riche patrimoine architectural et d\u2019une histoire fascinante. Si vous pr\u00e9voyez de la visiter, voici quelques recommandations sur ce qu\u2019il faut voir : Palais des Comtes de R\u00f3tova : Une demeure seigneuriale du XVIIIe si\u00e8cle qui abrite actuellement la mairie. [&hellip;]<\/p>\n","protected":false},"author":1,"featured_media":0,"parent":0,"menu_order":0,"comment_status":"closed","ping_status":"closed","template":"","meta":{"site-sidebar-layout":"no-sidebar","site-content-layout":"page-builder","ast-site-content-layout":"full-width-container","site-content-style":"default","site-sidebar-style":"default","ast-global-header-display":"","ast-banner-title-visibility":"disabled","ast-main-header-display":"","ast-hfb-above-header-display":"","ast-hfb-below-header-display":"","ast-hfb-mobile-header-display":"","site-post-title":"","ast-breadcrumbs-content":"","ast-featured-img":"disabled","footer-sml-layout":"","ast-disable-related-posts":"","theme-transparent-header-meta":"","adv-header-id-meta":"","stick-header-meta":"","header-above-stick-meta":"","header-main-stick-meta":"","header-below-stick-meta":"","astra-migrate-meta-layouts":"set","ast-page-background-enabled":"default","ast-page-background-meta":{"desktop":{"background-color":"","background-image":"","background-repeat":"repeat","background-position":"center center","background-size":"auto","background-attachment":"scroll","background-type":"","background-media":"","overlay-type":"","overlay-color":"","overlay-opacity":"","overlay-gradient":""},"tablet":{"background-color":"","background-image":"","background-repeat":"repeat","background-position":"center center","background-size":"auto","background-attachment":"scroll","background-type":"","background-media":"","overlay-type":"","overlay-color":"","overlay-opacity":"","overlay-gradient":""},"mobile":{"background-color":"","background-image":"","background-repeat":"repeat","background-position":"center center","background-size":"auto","background-attachment":"scroll","background-type":"","background-media":"","overlay-type":"","overlay-color":"","overlay-opacity":"","overlay-gradient":""}},"ast-content-background-meta":{"desktop":{"background-color":"var(--ast-global-color-5)","background-image":"","background-repeat":"repeat","background-position":"center center","background-size":"auto","background-attachment":"scroll","background-type":"","background-media":"","overlay-type":"","overlay-color":"","overlay-opacity":"","overlay-gradient":""},"tablet":{"background-color":"var(--ast-global-color-5)","background-image":"","background-repeat":"repeat","background-position":"center center","background-size":"auto","background-attachment":"scroll","background-type":"","background-media":"","overlay-type":"","overlay-color":"","overlay-opacity":"","overlay-gradient":""},"mobile":{"background-color":"var(--ast-global-color-5)","background-image":"","background-repeat":"repeat","background-position":"center center","background-size":"auto","background-attachment":"scroll","background-type":"","background-media":"","overlay-type":"","overlay-color":"","overlay-opacity":"","overlay-gradient":""}},"footnotes":""},"class_list":["post-2893","page","type-page","status-publish","hentry"],"_links":{"self":[{"href":"https:\/\/www.elconventdemoncada.com\/fr\/wp-json\/wp\/v2\/pages\/2893","targetHints":{"allow":["GET"]}}],"collection":[{"href":"https:\/\/www.elconventdemoncada.com\/fr\/wp-json\/wp\/v2\/pages"}],"about":[{"href":"https:\/\/www.elconventdemoncada.com\/fr\/wp-json\/wp\/v2\/types\/page"}],"author":[{"embeddable":true,"href":"https:\/\/www.elconventdemoncada.com\/fr\/wp-json\/wp\/v2\/users\/1"}],"replies":[{"embeddable":true,"href":"https:\/\/www.elconventdemoncada.com\/fr\/wp-json\/wp\/v2\/comments?post=2893"}],"version-history":[{"count":0,"href":"https:\/\/www.elconventdemoncada.com\/fr\/wp-json\/wp\/v2\/pages\/2893\/revisions"}],"wp:attachment":[{"href":"https:\/\/www.elconventdemoncada.com\/fr\/wp-json\/wp\/v2\/media?parent=2893"}],"curies":[{"name":"wp","href":"https:\/\/api.w.org\/{rel}","templated":true}]}}